{"id":4245,"date":"2024-11-08T13:26:29","date_gmt":"2024-11-08T12:26:29","guid":{"rendered":"https:\/\/fundaciomambre.org\/politica-de-privacidad\/"},"modified":"2025-03-12T13:25:23","modified_gmt":"2025-03-12T12:25:23","slug":"politica-de-privacidad","status":"publish","type":"page","link":"https:\/\/fundaciomambre.org\/es\/politica-de-privacidad\/","title":{"rendered":"Pol\u00edtica de privacidad"},"content":{"rendered":"\t\t<div data-elementor-type=\"wp-page\" data-elementor-id=\"4245\" class=\"elementor elementor-4245 elementor-175\" data-elementor-post-type=\"page\">\n\t\t\t\t<div class=\"elementor-element elementor-element-ad8af9f e-con-full e-flex e-con e-parent\" data-id=\"ad8af9f\" data-element_type=\"container\" data-e-type=\"container\" data-settings=\"{&quot;background_background&quot;:&quot;video&quot;,&quot;background_video_link&quot;:&quot;https:\\\/\\\/youtu.be\\\/43OVMYAqGlk&quot;,&quot;background_play_on_mobile&quot;:&quot;yes&quot;}\">\n\t\t<div class=\"elementor-background-video-container\">\n\t\t\t\t\t\t\t<div class=\"elementor-background-video-embed\" role=\"presentation\"><\/div>\n\t\t\t\t\t\t<\/div><div class=\"elementor-element elementor-element-ffaae45 e-flex e-con-boxed e-con e-child\" data-id=\"ffaae45\" data-element_type=\"container\" data-e-type=\"container\">\n\t\t\t\t\t<div class=\"e-con-inner\">\n\t\t\t\t<div class=\"elementor-element elementor-element-3919f4d elementor-widget elementor-widget-heading\" data-id=\"3919f4d\" data-element_type=\"widget\" data-e-type=\"widget\" data-settings=\"{&quot;motion_fx_motion_fx_scrolling&quot;:&quot;yes&quot;,&quot;motion_fx_translateY_effect&quot;:&quot;yes&quot;,&quot;motion_fx_translateY_direction&quot;:&quot;negative&quot;,&quot;motion_fx_translateY_speed&quot;:{&quot;unit&quot;:&quot;px&quot;,&quot;size&quot;:7.9,&quot;sizes&quot;:[]},&quot;motion_fx_translateY_affectedRange&quot;:{&quot;unit&quot;:&quot;%&quot;,&quot;size&quot;:&quot;&quot;,&quot;sizes&quot;:{&quot;start&quot;:0,&quot;end&quot;:100}},&quot;motion_fx_devices&quot;:[&quot;desktop&quot;,&quot;laptop&quot;,&quot;tablet&quot;,&quot;mobile&quot;]}\" data-widget_type=\"heading.default\">\n\t\t\t\t<div class=\"elementor-widget-container\">\n\t\t\t\t\t<h2 class=\"elementor-heading-title elementor-size-default\">Vivienda digna para todos<\/h2>\t\t\t\t<\/div>\n\t\t\t\t<\/div>\n\t\t\t\t\t<\/div>\n\t\t\t\t<\/div>\n\t\t\t\t<\/div>\n\t\t<div class=\"elementor-element elementor-element-26bcec3 e-flex e-con-boxed e-con e-parent\" data-id=\"26bcec3\" data-element_type=\"container\" data-e-type=\"container\" data-settings=\"{&quot;background_background&quot;:&quot;classic&quot;}\">\n\t\t\t\t\t<div class=\"e-con-inner\">\n\t\t\t\t<div class=\"elementor-element elementor-element-4842ccd elementor-widget elementor-widget-spacer\" data-id=\"4842ccd\" data-element_type=\"widget\" data-e-type=\"widget\" data-widget_type=\"spacer.default\">\n\t\t\t\t<div class=\"elementor-widget-container\">\n\t\t\t\t\t\t\t<div class=\"elementor-spacer\">\n\t\t\t<div class=\"elementor-spacer-inner\"><\/div>\n\t\t<\/div>\n\t\t\t\t\t\t<\/div>\n\t\t\t\t<\/div>\n\t\t<div class=\"elementor-element elementor-element-7cca5a2 e-con-full e-flex e-con e-child\" data-id=\"7cca5a2\" data-element_type=\"container\" data-e-type=\"container\">\n\t\t\t\t<div class=\"elementor-element elementor-element-525b08c elementor-widget elementor-widget-heading\" data-id=\"525b08c\" data-element_type=\"widget\" data-e-type=\"widget\" data-settings=\"{&quot;motion_fx_motion_fx_scrolling&quot;:&quot;yes&quot;,&quot;motion_fx_translateY_effect&quot;:&quot;yes&quot;,&quot;motion_fx_translateY_affectedRange&quot;:{&quot;unit&quot;:&quot;%&quot;,&quot;size&quot;:&quot;&quot;,&quot;sizes&quot;:{&quot;start&quot;:20,&quot;end&quot;:80}},&quot;motion_fx_translateY_speed&quot;:{&quot;unit&quot;:&quot;px&quot;,&quot;size&quot;:4,&quot;sizes&quot;:[]},&quot;motion_fx_devices&quot;:[&quot;desktop&quot;,&quot;laptop&quot;,&quot;tablet&quot;,&quot;mobile&quot;]}\" data-widget_type=\"heading.default\">\n\t\t\t\t<div class=\"elementor-widget-container\">\n\t\t\t\t\t<h2 class=\"elementor-heading-title elementor-size-default\">Pol\u00edtica de privacidad<\/h2>\t\t\t\t<\/div>\n\t\t\t\t<\/div>\n\t\t\t\t<div class=\"elementor-element elementor-element-204d001 elementor-widget elementor-widget-spacer\" data-id=\"204d001\" data-element_type=\"widget\" data-e-type=\"widget\" data-widget_type=\"spacer.default\">\n\t\t\t\t<div class=\"elementor-widget-container\">\n\t\t\t\t\t\t\t<div class=\"elementor-spacer\">\n\t\t\t<div class=\"elementor-spacer-inner\"><\/div>\n\t\t<\/div>\n\t\t\t\t\t\t<\/div>\n\t\t\t\t<\/div>\n\t\t\t\t<div class=\"elementor-element elementor-element-1e8b24d elementor-widget elementor-widget-text-editor\" data-id=\"1e8b24d\" data-element_type=\"widget\" data-e-type=\"widget\" data-widget_type=\"text-editor.default\">\n\t\t\t\t<div class=\"elementor-widget-container\">\n\t\t\t\t\t\t\t\t\t<p>La utilizaci\u00f3n de esta web, redes sociales y sus formularios requiere la aceptaci\u00f3n del tratamiento de los datos del usuario de acuerdo con esta pol\u00edtica de privacidad, incluyendo la recopilaci\u00f3n de datos de acceso y el env\u00edo de informaci\u00f3n comercial por v\u00eda electr\u00f3nica.<\/p><p><br><\/p>\n<h3>Responsable del tratamiento de los datos e informaci\u00f3n de contacto<\/h3>\n<p>El responsable es: FUNDACI\u00d3N PRIVADA MAMBR\u00c9<\/p>\n<p>Direcci\u00f3n: C\/ NAPOLS 133, 3\u00ba1\u00aa 08013 BARCELONA<\/p>\n<p>Datos de contacto del responsable: 93 302 19 81 fmambre@fundaciomambre.org<\/p><p><br><\/p>\n<h3>Finalidad del tratamiento de los datos<\/h3>\n<p>Los datos se tratan con el objetivo de proporcionar acceso a los contenidos online de la web as\u00ed como atender las solicitudes de los usuarios de la web, llevar un registro de visitas (direcciones IP, datos del navegador, pa\u00eds, p\u00e1gina accedida, etc.) a efectos estad\u00edsticos, aplicar medidas encaminadas a la seguridad de la web, y en su caso el env\u00edo de informaci\u00f3n comercial sobre nuestros electr\u00f3nicos.<\/p>\n<p>En caso de cumplimentar alguno de los formularios ser\u00e1 necesario facilitar determinados datos personales, que se tratar\u00e1n para la finalidad para la que se solicitan.<\/p><p><br><\/p>\n<h3>Legitimaci\u00f3n<\/h3>\n<p>Los datos se tratan sobre la base del consentimiento del usuario, cumplimiento de obligaciones legales y, en su caso, ejecuci\u00f3n de un contrato o pre-contrato.<\/p><p><br><\/p>\n<h3>Destinatarios y transferencias<\/h3>\n<p>Destinatarios: FUNDACION PRIVADA MAMBR\u00c9.<\/p>\n<p>No se prev\u00e9 la transferencia internacional (fuera del Espacio Econ\u00f3mico Europeo), salvo fines de almacenamiento, y en todo caso en base a la existencia de una decisi\u00f3n de adecuaci\u00f3n o de acuerdo con la existencia de garant\u00edas adecuadas.<\/p><p><br><\/p>\n<h3>Plazo de conservaci\u00f3n de los datos<\/h3>\n<p>Al menos durante los plazos establecidos por la legislaci\u00f3n aplicable y en cualquier caso mientras se mantenga la vigencia del consentimiento.<\/p><p><br><\/p>\n<h3>Derechos de las personas<\/h3>\n<p>Los afectados tienen derecho a: acceder, rectificar y suprimir sus datos; solicitar la portabilidad de sus datos; oponerse al tratamiento o solicitar su limitaci\u00f3n; retirar el consentimiento prestado, en su caso.<\/p>\n<p>Para ello pueden enviar su solicitud por escrito o correo electr\u00f3nico a la direcci\u00f3n del responsable, incluyendo la referencia \u00abProtecci\u00f3n de datos\u00bb.<\/p>\n<p>Para facilitar la identificaci\u00f3n, recomendamos que el titular de los datos adjunte a la solicitud la copia del DNI\/pasaporte.<\/p>\n<p>Los afectados tambi\u00e9n pueden realizar una reclamaci\u00f3n ante la Autoridad de Control de protecci\u00f3n de datos.<\/p><p><br><\/p>\n<h3>Veracidad y actualizaci\u00f3n de los datos<\/h3>\n<p>El usuario debe rellenar los formularios con datos reales, exactos, completos y actuales. El usuario no introducir\u00e1 datos correspondientes a otra persona; FUNDACI\u00d3 MAMBR\u00c9 entender\u00e1 que los datos han sido facilitados por sus titulares. El usuario ser\u00e1 el \u00fanico responsable de cualquier perjuicio, directo o indirecto, que pudiera ocasionar a cualquier persona a causa de la cumplimentaci\u00f3n del formulario con datos falsos, inexactos, incompletos, no actualizados o relativos a otra persona.  <\/p>\n<p>El usuario deber\u00e1 comunicar cualquier modificaci\u00f3n en los datos proporcionados con el fin de mantener sus datos debidamente actualizados.<\/p><p><br><\/p>\n<h3>Seguridad de la informaci\u00f3n<\/h3>\n<p>FUNDACI\u00d3 MAMBR\u00c9 ha tomado todas las medidas legalmente requeridas para la protecci\u00f3n de datos personales; asimismo, ha adoptado todos los dispositivos t\u00e9cnicos a su alcance para evitar la p\u00e9rdida, mal uso, alteraci\u00f3n, acceso o robo de los datos personales facilitados por los usuarios de la web. El usuario tendr\u00e1 en cuenta, sin embargo, que las medidas de seguridad en Internet no son absolutamente inviolables. <\/p><p><br><\/p>\n<h3>Menores de edad<\/h3>\n<p>FUNDACI\u00d3 MAMBR\u00c9 proh\u00edbe el uso de sus servicios web a los usuarios menores de catorce a\u00f1os, salvo consentimiento expreso de sus padres o tutores.<\/p>\n<p>En ning\u00fan caso el menor podr\u00e1 facilitar datos a FUNDACI\u00d3 MAMBR\u00c9 que permitan obtener informaci\u00f3n sobre los miembros del grupo familiar, o sobre las caracter\u00edsticas del mismo, tal y como datos relativos a la actividad profesional de los progenitores, informaci\u00f3n econ\u00f3mica, datos sociol\u00f3gicos o cualquier otro, sin el consentimiento del titular de tales datos.<\/p><p><br><\/p>\n<h3>Anal\u00edticas Web<\/h3>\n<p>Esta web utiliza diversas anal\u00edticas para conocer la forma en que es buscada, accedida y utilizada por el p\u00fablico. Estas anal\u00edticas pueden implicar la recopilaci\u00f3n de datos de car\u00e1cter personal como la direcci\u00f3n IP, la localizaci\u00f3n de la conexi\u00f3n, la informaci\u00f3n sobre el software o hardware de navegaci\u00f3n. Esta informaci\u00f3n no se asocia a los usuarios y se utiliza con el fin exclusivo de obtener datos estad\u00edsticos sobre el uso de la web de la empresa.  <\/p><p><br><\/p>\n<h3>Utilizaci\u00f3n de funciones y complementos de terceros<\/h3>\n<p>Esta web puede incorporar funciones y complementos proporcionados por terceros para diversos fines, como por ejemplo: anal\u00edticas web de terceros; mapas de terceros; v\u00eddeos de terceros; compartici\u00f3n en redes sociales; etc.<\/p>\n<p>Una funci\u00f3n o complemento de un tercero establece una conexi\u00f3n directa entre el navegador del usuario y los dominios de Internet controlados por el tercero, permitiendo la descarga y ejecuci\u00f3n de la funci\u00f3n.<\/p>\n<p>As\u00ed la mayor\u00eda de complementos de terceros recopilan qu\u00e9 p\u00e1ginas visitan a los usuarios para conocer sus intereses y poder ofrecer posteriormente publicidad adaptada a los mismos.<\/p><p><br><\/p>\n<h3>Utilizaci\u00f3n de la funci\u00f3n Google Analytics proporcionada por Google, Inc.<\/h3>\n<p>Esta web integra funciones anal\u00edticas de Google Inc (1600 AMPHITHEATRE PARKWAY, MOUNTAIN VIEW, CALIFORNIA, USA) para conocer la forma en que es buscada, accedida y utilizada por los usuarios. Para ello, al utilizar esta web, el navegador del usuario establece una conexi\u00f3n directa con los servidores del dominio de Internet google.com y otros dominios de Google. Esto permite a Google registrar la actividad del usuario as\u00ed como informaci\u00f3n relativa a su direcci\u00f3n IP. Google Analytics utiliza cookies persistentes para elaborar estad\u00edsticas an\u00f3nimas sobre el uso de esta web, conforme a la siguiente pol\u00edtica de privacidad: https:\/\/www.google.com\/analytics\/learn\/privacy.html?hl=es. Al utilizar esta web el usuario da el consentimiento para el tratamiento de sus datos en Google para las finalidades indicadas.   <\/p><p><br><\/p>\n<h3>Utilizaci\u00f3n de funciones proporcionadas por Google, Inc.<\/h3>\n<p>Esta web integra funciones de Google Inc (1600 AMPHITHEATRE PARKWAY, MOUNTAIN VIEW, CALIFORNIA, USA) como por ejemplo v\u00eddeos de Youtube, mapas y botones \u00ab+1\u00bb. Por esta raz\u00f3n, al utilizar la web el navegador del usuario establece una conexi\u00f3n directa con los servidores del dominio de Internet google.com y otros dominios de Google. Esto permite a Google conocer que el usuario ha visitado la web desde su direcci\u00f3n IP. Google hace uso de cookies persistentes, almacenamiento local y almacenamiento local de Flash en el dispositivo del usuario, para diversos fines incluyendo la recopilaci\u00f3n de la actividad del usuario en Internet para ofrecerle publicidad adaptada a sus intereses, conforme a sus pol\u00edticas de privacidad: http:\/\/www.google.es\/intl\/es\/policies\/privacy\/. Al utilizar esta web el usuario da el consentimiento para el tratamiento de sus datos en Google para las finalidades indicadas.   <\/p>\t\t\t\t\t\t\t\t<\/div>\n\t\t\t\t<\/div>\n\t\t\t\t<div class=\"elementor-element elementor-element-f5cae79 elementor-widget elementor-widget-spacer\" data-id=\"f5cae79\" data-element_type=\"widget\" data-e-type=\"widget\" data-widget_type=\"spacer.default\">\n\t\t\t\t<div class=\"elementor-widget-container\">\n\t\t\t\t\t\t\t<div class=\"elementor-spacer\">\n\t\t\t<div class=\"elementor-spacer-inner\"><\/div>\n\t\t<\/div>\n\t\t\t\t\t\t<\/div>\n\t\t\t\t<\/div>\n\t\t\t\t<\/div>\n\t\t\t\t\t<\/div>\n\t\t\t\t<\/div>\n\t\t\t\t<\/div>\n\t\t","protected":false},"excerpt":{"rendered":"<p>Vivienda digna para todos Pol\u00edtica de privacidad La utilizaci\u00f3n de esta web, redes sociales y sus formularios requiere la aceptaci\u00f3n del tratamiento de los datos del usuario de acuerdo con esta pol\u00edtica de privacidad, incluyendo la recopilaci\u00f3n de datos de acceso y el env\u00edo de informaci\u00f3n comercial por v\u00eda electr\u00f3nica. Responsable del tratamiento de los [&hellip;]<\/p>\n","protected":false},"author":1,"featured_media":0,"parent":0,"menu_order":0,"comment_status":"closed","ping_status":"closed","template":"","meta":{"footnotes":""},"class_list":["post-4245","page","type-page","status-publish","hentry"],"_links":{"self":[{"href":"https:\/\/fundaciomambre.org\/es\/wp-json\/wp\/v2\/pages\/4245","targetHints":{"allow":["GET"]}}],"collection":[{"href":"https:\/\/fundaciomambre.org\/es\/wp-json\/wp\/v2\/pages"}],"about":[{"href":"https:\/\/fundaciomambre.org\/es\/wp-json\/wp\/v2\/types\/page"}],"author":[{"embeddable":true,"href":"https:\/\/fundaciomambre.org\/es\/wp-json\/wp\/v2\/users\/1"}],"replies":[{"embeddable":true,"href":"https:\/\/fundaciomambre.org\/es\/wp-json\/wp\/v2\/comments?post=4245"}],"version-history":[{"count":7,"href":"https:\/\/fundaciomambre.org\/es\/wp-json\/wp\/v2\/pages\/4245\/revisions"}],"predecessor-version":[{"id":4522,"href":"https:\/\/fundaciomambre.org\/es\/wp-json\/wp\/v2\/pages\/4245\/revisions\/4522"}],"wp:attachment":[{"href":"https:\/\/fundaciomambre.org\/es\/wp-json\/wp\/v2\/media?parent=4245"}],"curies":[{"name":"wp","href":"https:\/\/api.w.org\/{rel}","templated":true}]}}