{"id":4238,"date":"2024-11-08T13:07:09","date_gmt":"2024-11-08T12:07:09","guid":{"rendered":"https:\/\/fundaciomambre.org\/blog\/"},"modified":"2025-06-30T17:03:15","modified_gmt":"2025-06-30T15:03:15","slug":"blog","status":"publish","type":"page","link":"https:\/\/fundaciomambre.org\/es\/blog\/","title":{"rendered":"Blog"},"content":{"rendered":"\t\t<div data-elementor-type=\"wp-page\" data-elementor-id=\"4238\" class=\"elementor elementor-4238 elementor-46\" data-elementor-post-type=\"page\">\n\t\t\t\t<div class=\"elementor-element elementor-element-e0e96ee e-flex e-con-boxed e-con e-parent\" data-id=\"e0e96ee\" data-element_type=\"container\" data-e-type=\"container\" data-settings=\"{&quot;background_background&quot;:&quot;classic&quot;}\">\n\t\t\t\t\t<div class=\"e-con-inner\">\n\t\t\t\t<div class=\"elementor-element elementor-element-4126625 elementor-widget elementor-widget-spacer\" data-id=\"4126625\" data-element_type=\"widget\" data-e-type=\"widget\" data-widget_type=\"spacer.default\">\n\t\t\t\t<div class=\"elementor-widget-container\">\n\t\t\t\t\t\t\t<div class=\"elementor-spacer\">\n\t\t\t<div class=\"elementor-spacer-inner\"><\/div>\n\t\t<\/div>\n\t\t\t\t\t\t<\/div>\n\t\t\t\t<\/div>\n\t\t<div class=\"elementor-element elementor-element-f91700b e-con-full e-flex e-con e-child\" data-id=\"f91700b\" data-element_type=\"container\" data-e-type=\"container\">\n\t\t\t\t<div class=\"elementor-element elementor-element-6d9b357 elementor-widget elementor-widget-heading\" data-id=\"6d9b357\" data-element_type=\"widget\" data-e-type=\"widget\" data-settings=\"{&quot;motion_fx_motion_fx_scrolling&quot;:&quot;yes&quot;,&quot;motion_fx_translateY_effect&quot;:&quot;yes&quot;,&quot;motion_fx_translateY_affectedRange&quot;:{&quot;unit&quot;:&quot;%&quot;,&quot;size&quot;:&quot;&quot;,&quot;sizes&quot;:{&quot;start&quot;:20,&quot;end&quot;:80}},&quot;motion_fx_translateY_speed&quot;:{&quot;unit&quot;:&quot;px&quot;,&quot;size&quot;:4,&quot;sizes&quot;:[]},&quot;motion_fx_devices&quot;:[&quot;desktop&quot;,&quot;laptop&quot;,&quot;tablet&quot;,&quot;mobile&quot;]}\" data-widget_type=\"heading.default\">\n\t\t\t\t<div class=\"elementor-widget-container\">\n\t\t\t\t\t<h2 class=\"elementor-heading-title elementor-size-default\">Blog<\/h2>\t\t\t\t<\/div>\n\t\t\t\t<\/div>\n\t\t\t\t<div class=\"elementor-element elementor-element-668dcc5 elementor-widget elementor-widget-spacer\" data-id=\"668dcc5\" data-element_type=\"widget\" data-e-type=\"widget\" data-widget_type=\"spacer.default\">\n\t\t\t\t<div class=\"elementor-widget-container\">\n\t\t\t\t\t\t\t<div class=\"elementor-spacer\">\n\t\t\t<div class=\"elementor-spacer-inner\"><\/div>\n\t\t<\/div>\n\t\t\t\t\t\t<\/div>\n\t\t\t\t<\/div>\n\t\t\t\t<\/div>\n\t\t\t\t\t<\/div>\n\t\t\t\t<\/div>\n\t\t<div class=\"elementor-element elementor-element-51fcd09 e-flex e-con-boxed e-con e-parent\" data-id=\"51fcd09\" data-element_type=\"container\" data-e-type=\"container\" data-settings=\"{&quot;background_background&quot;:&quot;classic&quot;}\">\n\t\t\t\t\t<div class=\"e-con-inner\">\n\t\t\t\t<div class=\"elementor-element elementor-element-d35bb3b elementor-posts--align-left elementor-grid-3 elementor-grid-tablet-2 elementor-grid-mobile-1 elementor-posts--thumbnail-top elementor-widget elementor-widget-posts\" data-id=\"d35bb3b\" data-element_type=\"widget\" data-e-type=\"widget\" data-settings=\"{&quot;classic_row_gap&quot;:{&quot;unit&quot;:&quot;px&quot;,&quot;size&quot;:41,&quot;sizes&quot;:[]},&quot;pagination_type&quot;:&quot;numbers&quot;,&quot;classic_columns&quot;:&quot;3&quot;,&quot;classic_columns_tablet&quot;:&quot;2&quot;,&quot;classic_columns_mobile&quot;:&quot;1&quot;,&quot;classic_row_gap_laptop&quot;:{&quot;unit&quot;:&quot;px&quot;,&quot;size&quot;:&quot;&quot;,&quot;sizes&quot;:[]},&quot;classic_row_gap_tablet&quot;:{&quot;unit&quot;:&quot;px&quot;,&quot;size&quot;:&quot;&quot;,&quot;sizes&quot;:[]},&quot;classic_row_gap_mobile&quot;:{&quot;unit&quot;:&quot;px&quot;,&quot;size&quot;:&quot;&quot;,&quot;sizes&quot;:[]}}\" data-widget_type=\"posts.classic\">\n\t\t\t\t<div class=\"elementor-widget-container\">\n\t\t\t\t\t\t\t<div class=\"elementor-posts-container elementor-posts elementor-posts--skin-classic elementor-grid\" role=\"list\">\n\t\t\t\t<article class=\"elementor-post elementor-grid-item post-5015 post type-post status-publish format-standard has-post-thumbnail hentry category-sin-categoria\" role=\"listitem\">\n\t\t\t\t<a class=\"elementor-post__thumbnail__link\" href=\"https:\/\/fundaciomambre.org\/es\/el-servicio-de-insercion-laboral-sil-de-mambre-inicia-una-nueva-etapa-ahora-con-san-juan-de-dios-servicios-sociales\/\" tabindex=\"-1\" >\n\t\t\t<div class=\"elementor-post__thumbnail\"><img fetchpriority=\"high\" decoding=\"async\" width=\"2000\" height=\"900\" src=\"https:\/\/fundaciomambre.org\/wp-content\/uploads\/2026\/01\/Blog-SIL-2026.jpg\" class=\"attachment-full size-full wp-image-5008\" alt=\"\" srcset=\"https:\/\/fundaciomambre.org\/wp-content\/uploads\/2026\/01\/Blog-SIL-2026.jpg 2000w, https:\/\/fundaciomambre.org\/wp-content\/uploads\/2026\/01\/Blog-SIL-2026-300x135.jpg 300w, https:\/\/fundaciomambre.org\/wp-content\/uploads\/2026\/01\/Blog-SIL-2026-1024x461.jpg 1024w, https:\/\/fundaciomambre.org\/wp-content\/uploads\/2026\/01\/Blog-SIL-2026-768x346.jpg 768w, https:\/\/fundaciomambre.org\/wp-content\/uploads\/2026\/01\/Blog-SIL-2026-1536x691.jpg 1536w\" sizes=\"(max-width: 2000px) 100vw, 2000px\" \/><\/div>\n\t\t<\/a>\n\t\t\t\t<div class=\"elementor-post__text\">\n\t\t\t\t<h3 class=\"elementor-post__title\">\n\t\t\t<a href=\"https:\/\/fundaciomambre.org\/es\/el-servicio-de-insercion-laboral-sil-de-mambre-inicia-una-nueva-etapa-ahora-con-san-juan-de-dios-servicios-sociales\/\" >\n\t\t\t\tEl Servicio de Inserci\u00f3n Laboral (SIL) de Mambr\u00e9 inicia una nueva etapa, ahora con San Juan de Dios Servicios Sociales\t\t\t<\/a>\n\t\t<\/h3>\n\t\t\n\t\t<a class=\"elementor-post__read-more\" href=\"https:\/\/fundaciomambre.org\/es\/el-servicio-de-insercion-laboral-sil-de-mambre-inicia-una-nueva-etapa-ahora-con-san-juan-de-dios-servicios-sociales\/\" aria-label=\"M\u00e1s informaci\u00f3n sobre El Servicio de Inserci\u00f3n Laboral (SIL) de Mambr\u00e9 inicia una nueva etapa, ahora con San Juan de Dios Servicios Sociales\" tabindex=\"-1\" >\n\t\t\tLeer art\u00edculo \u00bb\t\t<\/a>\n\n\t\t\t\t<\/div>\n\t\t\t\t<\/article>\n\t\t\t\t<article class=\"elementor-post elementor-grid-item post-4662 post type-post status-publish format-standard has-post-thumbnail hentry category-sin-categoria\" role=\"listitem\">\n\t\t\t\t<a class=\"elementor-post__thumbnail__link\" href=\"https:\/\/fundaciomambre.org\/es\/memoria-2024-implicados-ante-la-crisis-de-la-vivienda\/\" tabindex=\"-1\" >\n\t\t\t<div class=\"elementor-post__thumbnail\"><img decoding=\"async\" width=\"2000\" height=\"900\" src=\"https:\/\/fundaciomambre.org\/wp-content\/uploads\/2025\/07\/Blog-Memoria-2024.jpg\" class=\"attachment-full size-full wp-image-4610\" alt=\"\" srcset=\"https:\/\/fundaciomambre.org\/wp-content\/uploads\/2025\/07\/Blog-Memoria-2024.jpg 2000w, https:\/\/fundaciomambre.org\/wp-content\/uploads\/2025\/07\/Blog-Memoria-2024-300x135.jpg 300w, https:\/\/fundaciomambre.org\/wp-content\/uploads\/2025\/07\/Blog-Memoria-2024-1024x461.jpg 1024w, https:\/\/fundaciomambre.org\/wp-content\/uploads\/2025\/07\/Blog-Memoria-2024-768x346.jpg 768w, https:\/\/fundaciomambre.org\/wp-content\/uploads\/2025\/07\/Blog-Memoria-2024-1536x691.jpg 1536w\" sizes=\"(max-width: 2000px) 100vw, 2000px\" \/><\/div>\n\t\t<\/a>\n\t\t\t\t<div class=\"elementor-post__text\">\n\t\t\t\t<h3 class=\"elementor-post__title\">\n\t\t\t<a href=\"https:\/\/fundaciomambre.org\/es\/memoria-2024-implicados-ante-la-crisis-de-la-vivienda\/\" >\n\t\t\t\tMemoria 2024, implicados ante la crisis de la vivienda\t\t\t<\/a>\n\t\t<\/h3>\n\t\t\n\t\t<a class=\"elementor-post__read-more\" href=\"https:\/\/fundaciomambre.org\/es\/memoria-2024-implicados-ante-la-crisis-de-la-vivienda\/\" aria-label=\"M\u00e1s informaci\u00f3n sobre Memoria 2024, implicados ante la crisis de la vivienda\" tabindex=\"-1\" >\n\t\t\tLeer art\u00edculo \u00bb\t\t<\/a>\n\n\t\t\t\t<\/div>\n\t\t\t\t<\/article>\n\t\t\t\t<article class=\"elementor-post elementor-grid-item post-4664 post type-post status-publish format-standard has-post-thumbnail hentry category-sin-categoria\" role=\"listitem\">\n\t\t\t\t<a class=\"elementor-post__thumbnail__link\" href=\"https:\/\/fundaciomambre.org\/es\/resultados-del-programa-vesta\/\" tabindex=\"-1\" >\n\t\t\t<div class=\"elementor-post__thumbnail\"><img decoding=\"async\" width=\"2000\" height=\"900\" src=\"https:\/\/fundaciomambre.org\/wp-content\/uploads\/2025\/07\/Blog-resultats-del-programa-VESTA.jpg\" class=\"attachment-full size-full wp-image-4617\" alt=\"\" srcset=\"https:\/\/fundaciomambre.org\/wp-content\/uploads\/2025\/07\/Blog-resultats-del-programa-VESTA.jpg 2000w, https:\/\/fundaciomambre.org\/wp-content\/uploads\/2025\/07\/Blog-resultats-del-programa-VESTA-300x135.jpg 300w, https:\/\/fundaciomambre.org\/wp-content\/uploads\/2025\/07\/Blog-resultats-del-programa-VESTA-1024x461.jpg 1024w, https:\/\/fundaciomambre.org\/wp-content\/uploads\/2025\/07\/Blog-resultats-del-programa-VESTA-768x346.jpg 768w, https:\/\/fundaciomambre.org\/wp-content\/uploads\/2025\/07\/Blog-resultats-del-programa-VESTA-1536x691.jpg 1536w\" sizes=\"(max-width: 2000px) 100vw, 2000px\" \/><\/div>\n\t\t<\/a>\n\t\t\t\t<div class=\"elementor-post__text\">\n\t\t\t\t<h3 class=\"elementor-post__title\">\n\t\t\t<a href=\"https:\/\/fundaciomambre.org\/es\/resultados-del-programa-vesta\/\" >\n\t\t\t\tResultados del programa VESTA\t\t\t<\/a>\n\t\t<\/h3>\n\t\t\n\t\t<a class=\"elementor-post__read-more\" href=\"https:\/\/fundaciomambre.org\/es\/resultados-del-programa-vesta\/\" aria-label=\"M\u00e1s informaci\u00f3n sobre Resultados del programa VESTA\" tabindex=\"-1\" >\n\t\t\tLeer art\u00edculo \u00bb\t\t<\/a>\n\n\t\t\t\t<\/div>\n\t\t\t\t<\/article>\n\t\t\t\t<article class=\"elementor-post elementor-grid-item post-4666 post type-post status-publish format-standard has-post-thumbnail hentry category-sin-categoria\" role=\"listitem\">\n\t\t\t\t<a class=\"elementor-post__thumbnail__link\" href=\"https:\/\/fundaciomambre.org\/es\/proposicion-de-ley-de-medidas-transitorias-y-urgentes-para-hacer-frente-al-sinhogarismo\/\" tabindex=\"-1\" >\n\t\t\t<div class=\"elementor-post__thumbnail\"><img loading=\"lazy\" decoding=\"async\" width=\"2000\" height=\"900\" src=\"https:\/\/fundaciomambre.org\/wp-content\/uploads\/2025\/07\/Blog-Parlament-de-Catalunya.jpg\" class=\"attachment-full size-full wp-image-4613\" alt=\"\" srcset=\"https:\/\/fundaciomambre.org\/wp-content\/uploads\/2025\/07\/Blog-Parlament-de-Catalunya.jpg 2000w, https:\/\/fundaciomambre.org\/wp-content\/uploads\/2025\/07\/Blog-Parlament-de-Catalunya-300x135.jpg 300w, https:\/\/fundaciomambre.org\/wp-content\/uploads\/2025\/07\/Blog-Parlament-de-Catalunya-1024x461.jpg 1024w, https:\/\/fundaciomambre.org\/wp-content\/uploads\/2025\/07\/Blog-Parlament-de-Catalunya-768x346.jpg 768w, https:\/\/fundaciomambre.org\/wp-content\/uploads\/2025\/07\/Blog-Parlament-de-Catalunya-1536x691.jpg 1536w\" sizes=\"(max-width: 2000px) 100vw, 2000px\" \/><\/div>\n\t\t<\/a>\n\t\t\t\t<div class=\"elementor-post__text\">\n\t\t\t\t<h3 class=\"elementor-post__title\">\n\t\t\t<a href=\"https:\/\/fundaciomambre.org\/es\/proposicion-de-ley-de-medidas-transitorias-y-urgentes-para-hacer-frente-al-sinhogarismo\/\" >\n\t\t\t\tProposici\u00f3n de ley de medidas transitorias y urgentes para hacer frente al sinhogarismo\t\t\t<\/a>\n\t\t<\/h3>\n\t\t\n\t\t<a class=\"elementor-post__read-more\" href=\"https:\/\/fundaciomambre.org\/es\/proposicion-de-ley-de-medidas-transitorias-y-urgentes-para-hacer-frente-al-sinhogarismo\/\" aria-label=\"M\u00e1s informaci\u00f3n sobre Proposici\u00f3n de ley de medidas transitorias y urgentes para hacer frente al sinhogarismo\" tabindex=\"-1\" >\n\t\t\tLeer art\u00edculo \u00bb\t\t<\/a>\n\n\t\t\t\t<\/div>\n\t\t\t\t<\/article>\n\t\t\t\t<article class=\"elementor-post elementor-grid-item post-4669 post type-post status-publish format-standard has-post-thumbnail hentry category-sin-categoria\" role=\"listitem\">\n\t\t\t\t<a class=\"elementor-post__thumbnail__link\" href=\"https:\/\/fundaciomambre.org\/es\/renovamos-el-convenio-de-colaboracion-con-la-fundacion-llegat-roca-i-pi\/\" tabindex=\"-1\" >\n\t\t\t<div class=\"elementor-post__thumbnail\"><img loading=\"lazy\" decoding=\"async\" width=\"2000\" height=\"900\" src=\"https:\/\/fundaciomambre.org\/wp-content\/uploads\/2025\/07\/Blog-conveni-Fundacio-Llegat-Roca-i-Pi.jpg\" class=\"attachment-full size-full wp-image-4607\" alt=\"\" srcset=\"https:\/\/fundaciomambre.org\/wp-content\/uploads\/2025\/07\/Blog-conveni-Fundacio-Llegat-Roca-i-Pi.jpg 2000w, https:\/\/fundaciomambre.org\/wp-content\/uploads\/2025\/07\/Blog-conveni-Fundacio-Llegat-Roca-i-Pi-300x135.jpg 300w, https:\/\/fundaciomambre.org\/wp-content\/uploads\/2025\/07\/Blog-conveni-Fundacio-Llegat-Roca-i-Pi-1024x461.jpg 1024w, https:\/\/fundaciomambre.org\/wp-content\/uploads\/2025\/07\/Blog-conveni-Fundacio-Llegat-Roca-i-Pi-768x346.jpg 768w, https:\/\/fundaciomambre.org\/wp-content\/uploads\/2025\/07\/Blog-conveni-Fundacio-Llegat-Roca-i-Pi-1536x691.jpg 1536w\" sizes=\"(max-width: 2000px) 100vw, 2000px\" \/><\/div>\n\t\t<\/a>\n\t\t\t\t<div class=\"elementor-post__text\">\n\t\t\t\t<h3 class=\"elementor-post__title\">\n\t\t\t<a href=\"https:\/\/fundaciomambre.org\/es\/renovamos-el-convenio-de-colaboracion-con-la-fundacion-llegat-roca-i-pi\/\" >\n\t\t\t\tRenovamos el convenio de colaboraci\u00f3n con la Fundaci\u00f3n Llegat Roca i Pi\t\t\t<\/a>\n\t\t<\/h3>\n\t\t\n\t\t<a class=\"elementor-post__read-more\" href=\"https:\/\/fundaciomambre.org\/es\/renovamos-el-convenio-de-colaboracion-con-la-fundacion-llegat-roca-i-pi\/\" aria-label=\"M\u00e1s informaci\u00f3n sobre Renovamos el convenio de colaboraci\u00f3n con la Fundaci\u00f3n Llegat Roca i Pi\" tabindex=\"-1\" >\n\t\t\tLeer art\u00edculo \u00bb\t\t<\/a>\n\n\t\t\t\t<\/div>\n\t\t\t\t<\/article>\n\t\t\t\t<article class=\"elementor-post elementor-grid-item post-4173 post type-post status-publish format-standard has-post-thumbnail hentry category-sin-categoria\" role=\"listitem\">\n\t\t\t\t<a class=\"elementor-post__thumbnail__link\" href=\"https:\/\/fundaciomambre.org\/es\/memoria-2023-hemos-trabajado-para-abrir-puertas-a-la-esperanza\/\" tabindex=\"-1\" >\n\t\t\t<div class=\"elementor-post__thumbnail\"><img loading=\"lazy\" decoding=\"async\" width=\"2000\" height=\"900\" src=\"https:\/\/fundaciomambre.org\/wp-content\/uploads\/2025\/01\/Blog-Memoria-2023.jpg\" class=\"attachment-full size-full wp-image-4021\" alt=\"\" srcset=\"https:\/\/fundaciomambre.org\/wp-content\/uploads\/2025\/01\/Blog-Memoria-2023.jpg 2000w, https:\/\/fundaciomambre.org\/wp-content\/uploads\/2025\/01\/Blog-Memoria-2023-300x135.jpg 300w, https:\/\/fundaciomambre.org\/wp-content\/uploads\/2025\/01\/Blog-Memoria-2023-1024x461.jpg 1024w, https:\/\/fundaciomambre.org\/wp-content\/uploads\/2025\/01\/Blog-Memoria-2023-768x346.jpg 768w, https:\/\/fundaciomambre.org\/wp-content\/uploads\/2025\/01\/Blog-Memoria-2023-1536x691.jpg 1536w\" sizes=\"(max-width: 2000px) 100vw, 2000px\" \/><\/div>\n\t\t<\/a>\n\t\t\t\t<div class=\"elementor-post__text\">\n\t\t\t\t<h3 class=\"elementor-post__title\">\n\t\t\t<a href=\"https:\/\/fundaciomambre.org\/es\/memoria-2023-hemos-trabajado-para-abrir-puertas-a-la-esperanza\/\" >\n\t\t\t\tMemoria 2023, hemos trabajado para abrir puertas a la esperanza\t\t\t<\/a>\n\t\t<\/h3>\n\t\t\n\t\t<a class=\"elementor-post__read-more\" href=\"https:\/\/fundaciomambre.org\/es\/memoria-2023-hemos-trabajado-para-abrir-puertas-a-la-esperanza\/\" aria-label=\"M\u00e1s informaci\u00f3n sobre Memoria 2023, hemos trabajado para abrir puertas a la esperanza\" tabindex=\"-1\" >\n\t\t\tLeer art\u00edculo \u00bb\t\t<\/a>\n\n\t\t\t\t<\/div>\n\t\t\t\t<\/article>\n\t\t\t\t<article class=\"elementor-post elementor-grid-item post-4172 post type-post status-publish format-standard has-post-thumbnail hentry category-sin-categoria\" role=\"listitem\">\n\t\t\t\t<a class=\"elementor-post__thumbnail__link\" href=\"https:\/\/fundaciomambre.org\/es\/el-obispo-de-barcelona-sr-j-vilanova-visita-el-hogar-mambre\/\" tabindex=\"-1\" >\n\t\t\t<div class=\"elementor-post__thumbnail\"><img loading=\"lazy\" decoding=\"async\" width=\"2000\" height=\"900\" src=\"https:\/\/fundaciomambre.org\/wp-content\/uploads\/2025\/01\/Bisbe-de-Barcelona.jpg\" class=\"attachment-full size-full wp-image-4020\" alt=\"\" srcset=\"https:\/\/fundaciomambre.org\/wp-content\/uploads\/2025\/01\/Bisbe-de-Barcelona.jpg 2000w, https:\/\/fundaciomambre.org\/wp-content\/uploads\/2025\/01\/Bisbe-de-Barcelona-300x135.jpg 300w, https:\/\/fundaciomambre.org\/wp-content\/uploads\/2025\/01\/Bisbe-de-Barcelona-1024x461.jpg 1024w, https:\/\/fundaciomambre.org\/wp-content\/uploads\/2025\/01\/Bisbe-de-Barcelona-768x346.jpg 768w, https:\/\/fundaciomambre.org\/wp-content\/uploads\/2025\/01\/Bisbe-de-Barcelona-1536x691.jpg 1536w\" sizes=\"(max-width: 2000px) 100vw, 2000px\" \/><\/div>\n\t\t<\/a>\n\t\t\t\t<div class=\"elementor-post__text\">\n\t\t\t\t<h3 class=\"elementor-post__title\">\n\t\t\t<a href=\"https:\/\/fundaciomambre.org\/es\/el-obispo-de-barcelona-sr-j-vilanova-visita-el-hogar-mambre\/\" >\n\t\t\t\tEl Obispo de Barcelona, \u200b\u200bSR. J. Vilanova, visita la Llar Mambr\u00e9\t\t\t<\/a>\n\t\t<\/h3>\n\t\t\n\t\t<a class=\"elementor-post__read-more\" href=\"https:\/\/fundaciomambre.org\/es\/el-obispo-de-barcelona-sr-j-vilanova-visita-el-hogar-mambre\/\" aria-label=\"M\u00e1s informaci\u00f3n sobre El Obispo de Barcelona, \u200b\u200bSR. J. Vilanova, visita la Llar Mambr\u00e9\" tabindex=\"-1\" >\n\t\t\tLeer art\u00edculo \u00bb\t\t<\/a>\n\n\t\t\t\t<\/div>\n\t\t\t\t<\/article>\n\t\t\t\t<article class=\"elementor-post elementor-grid-item post-4177 post type-post status-publish format-standard has-post-thumbnail hentry category-sin-categoria\" role=\"listitem\">\n\t\t\t\t<a class=\"elementor-post__thumbnail__link\" href=\"https:\/\/fundaciomambre.org\/es\/fundacion-naturgy-y-fundacio-mambre-firman-nuevo-convenio-con-el-fin-de-reducir-la-vulnerabilidad-energetica\/\" tabindex=\"-1\" >\n\t\t\t<div class=\"elementor-post__thumbnail\"><img loading=\"lazy\" decoding=\"async\" width=\"2000\" height=\"900\" src=\"https:\/\/fundaciomambre.org\/wp-content\/uploads\/2025\/01\/conveni-naturgy.jpg\" class=\"attachment-full size-full wp-image-4019\" alt=\"\" srcset=\"https:\/\/fundaciomambre.org\/wp-content\/uploads\/2025\/01\/conveni-naturgy.jpg 2000w, https:\/\/fundaciomambre.org\/wp-content\/uploads\/2025\/01\/conveni-naturgy-300x135.jpg 300w, https:\/\/fundaciomambre.org\/wp-content\/uploads\/2025\/01\/conveni-naturgy-1024x461.jpg 1024w, https:\/\/fundaciomambre.org\/wp-content\/uploads\/2025\/01\/conveni-naturgy-768x346.jpg 768w, https:\/\/fundaciomambre.org\/wp-content\/uploads\/2025\/01\/conveni-naturgy-1536x691.jpg 1536w\" sizes=\"(max-width: 2000px) 100vw, 2000px\" \/><\/div>\n\t\t<\/a>\n\t\t\t\t<div class=\"elementor-post__text\">\n\t\t\t\t<h3 class=\"elementor-post__title\">\n\t\t\t<a href=\"https:\/\/fundaciomambre.org\/es\/fundacion-naturgy-y-fundacio-mambre-firman-nuevo-convenio-con-el-fin-de-reducir-la-vulnerabilidad-energetica\/\" >\n\t\t\t\tFundaci\u00f3n Naturgy y Fundaci\u00f3 Mambr\u00e9 firman nuevo convenio con el fin de reducir la vulnerabilidad energ\u00e9tica\t\t\t<\/a>\n\t\t<\/h3>\n\t\t\n\t\t<a class=\"elementor-post__read-more\" href=\"https:\/\/fundaciomambre.org\/es\/fundacion-naturgy-y-fundacio-mambre-firman-nuevo-convenio-con-el-fin-de-reducir-la-vulnerabilidad-energetica\/\" aria-label=\"M\u00e1s informaci\u00f3n sobre Fundaci\u00f3n Naturgy y Fundaci\u00f3 Mambr\u00e9 firman nuevo convenio con el fin de reducir la vulnerabilidad energ\u00e9tica\" tabindex=\"-1\" >\n\t\t\tLeer art\u00edculo \u00bb\t\t<\/a>\n\n\t\t\t\t<\/div>\n\t\t\t\t<\/article>\n\t\t\t\t<article class=\"elementor-post elementor-grid-item post-4176 post type-post status-publish format-standard has-post-thumbnail hentry category-sin-categoria\" role=\"listitem\">\n\t\t\t\t<a class=\"elementor-post__thumbnail__link\" href=\"https:\/\/fundaciomambre.org\/es\/la-fundacion-legado-roca-i-pi-i-mambre-firman-un-nuevo-convenio-para-el-proyecto-enlace-a-badalona\/\" tabindex=\"-1\" >\n\t\t\t<div class=\"elementor-post__thumbnail\"><img loading=\"lazy\" decoding=\"async\" width=\"2000\" height=\"900\" src=\"https:\/\/fundaciomambre.org\/wp-content\/uploads\/2025\/01\/signatura-Roca-i-Pi-22032024.jpg\" class=\"attachment-full size-full wp-image-4018\" alt=\"\" srcset=\"https:\/\/fundaciomambre.org\/wp-content\/uploads\/2025\/01\/signatura-Roca-i-Pi-22032024.jpg 2000w, https:\/\/fundaciomambre.org\/wp-content\/uploads\/2025\/01\/signatura-Roca-i-Pi-22032024-300x135.jpg 300w, https:\/\/fundaciomambre.org\/wp-content\/uploads\/2025\/01\/signatura-Roca-i-Pi-22032024-1024x461.jpg 1024w, https:\/\/fundaciomambre.org\/wp-content\/uploads\/2025\/01\/signatura-Roca-i-Pi-22032024-768x346.jpg 768w, https:\/\/fundaciomambre.org\/wp-content\/uploads\/2025\/01\/signatura-Roca-i-Pi-22032024-1536x691.jpg 1536w\" sizes=\"(max-width: 2000px) 100vw, 2000px\" \/><\/div>\n\t\t<\/a>\n\t\t\t\t<div class=\"elementor-post__text\">\n\t\t\t\t<h3 class=\"elementor-post__title\">\n\t\t\t<a href=\"https:\/\/fundaciomambre.org\/es\/la-fundacion-legado-roca-i-pi-i-mambre-firman-un-nuevo-convenio-para-el-proyecto-enlace-a-badalona\/\" >\n\t\t\t\tLa Fundaci\u00f3n Legado Roca i Pi i Mambr\u00e9 firman un nuevo convenio para el proyecto Enlla\u00e7 a Badalona\t\t\t<\/a>\n\t\t<\/h3>\n\t\t\n\t\t<a class=\"elementor-post__read-more\" href=\"https:\/\/fundaciomambre.org\/es\/la-fundacion-legado-roca-i-pi-i-mambre-firman-un-nuevo-convenio-para-el-proyecto-enlace-a-badalona\/\" aria-label=\"M\u00e1s informaci\u00f3n sobre La Fundaci\u00f3n Legado Roca i Pi i Mambr\u00e9 firman un nuevo convenio para el proyecto Enlla\u00e7 a Badalona\" tabindex=\"-1\" >\n\t\t\tLeer art\u00edculo \u00bb\t\t<\/a>\n\n\t\t\t\t<\/div>\n\t\t\t\t<\/article>\n\t\t\t\t<\/div>\n\t\t\n\t\t\t\t\t\t<\/div>\n\t\t\t\t<\/div>\n\t\t\t\t<div class=\"elementor-element elementor-element-8602292 elementor-widget elementor-widget-spacer\" data-id=\"8602292\" data-element_type=\"widget\" data-e-type=\"widget\" data-widget_type=\"spacer.default\">\n\t\t\t\t<div class=\"elementor-widget-container\">\n\t\t\t\t\t\t\t<div class=\"elementor-spacer\">\n\t\t\t<div class=\"elementor-spacer-inner\"><\/div>\n\t\t<\/div>\n\t\t\t\t\t\t<\/div>\n\t\t\t\t<\/div>\n\t\t\t\t\t<\/div>\n\t\t\t\t<\/div>\n\t\t\t\t<\/div>\n\t\t","protected":false},"excerpt":{"rendered":"<p>Blog<\/p>\n","protected":false},"author":1,"featured_media":0,"parent":0,"menu_order":0,"comment_status":"closed","ping_status":"closed","template":"","meta":{"footnotes":""},"class_list":["post-4238","page","type-page","status-publish","hentry"],"_links":{"self":[{"href":"https:\/\/fundaciomambre.org\/es\/wp-json\/wp\/v2\/pages\/4238","targetHints":{"allow":["GET"]}}],"collection":[{"href":"https:\/\/fundaciomambre.org\/es\/wp-json\/wp\/v2\/pages"}],"about":[{"href":"https:\/\/fundaciomambre.org\/es\/wp-json\/wp\/v2\/types\/page"}],"author":[{"embeddable":true,"href":"https:\/\/fundaciomambre.org\/es\/wp-json\/wp\/v2\/users\/1"}],"replies":[{"embeddable":true,"href":"https:\/\/fundaciomambre.org\/es\/wp-json\/wp\/v2\/comments?post=4238"}],"version-history":[{"count":1,"href":"https:\/\/fundaciomambre.org\/es\/wp-json\/wp\/v2\/pages\/4238\/revisions"}],"predecessor-version":[{"id":4244,"href":"https:\/\/fundaciomambre.org\/es\/wp-json\/wp\/v2\/pages\/4238\/revisions\/4244"}],"wp:attachment":[{"href":"https:\/\/fundaciomambre.org\/es\/wp-json\/wp\/v2\/media?parent=4238"}],"curies":[{"name":"wp","href":"https:\/\/api.w.org\/{rel}","templated":true}]}}