{"id":4225,"date":"2024-11-08T13:06:07","date_gmt":"2024-11-08T12:06:07","guid":{"rendered":"https:\/\/fundaciomambre.org\/aviso-legal\/"},"modified":"2025-03-12T13:25:16","modified_gmt":"2025-03-12T12:25:16","slug":"aviso-legal","status":"publish","type":"page","link":"https:\/\/fundaciomambre.org\/es\/aviso-legal\/","title":{"rendered":"Aviso legal"},"content":{"rendered":"\t\t<div data-elementor-type=\"wp-page\" data-elementor-id=\"4225\" class=\"elementor elementor-4225 elementor-148\" data-elementor-post-type=\"page\">\n\t\t\t\t<div class=\"elementor-element elementor-element-92bcce0 e-con-full e-flex e-con e-parent\" data-id=\"92bcce0\" data-element_type=\"container\" data-e-type=\"container\" data-settings=\"{&quot;background_background&quot;:&quot;video&quot;,&quot;background_video_link&quot;:&quot;https:\\\/\\\/youtu.be\\\/43OVMYAqGlk&quot;,&quot;background_play_on_mobile&quot;:&quot;yes&quot;}\">\n\t\t<div class=\"elementor-background-video-container\">\n\t\t\t\t\t\t\t<div class=\"elementor-background-video-embed\" role=\"presentation\"><\/div>\n\t\t\t\t\t\t<\/div><div class=\"elementor-element elementor-element-b679695 e-flex e-con-boxed e-con e-child\" data-id=\"b679695\" data-element_type=\"container\" data-e-type=\"container\">\n\t\t\t\t\t<div class=\"e-con-inner\">\n\t\t\t\t<div class=\"elementor-element elementor-element-42e95cc elementor-widget elementor-widget-heading\" data-id=\"42e95cc\" data-element_type=\"widget\" data-e-type=\"widget\" data-settings=\"{&quot;motion_fx_motion_fx_scrolling&quot;:&quot;yes&quot;,&quot;motion_fx_translateY_effect&quot;:&quot;yes&quot;,&quot;motion_fx_translateY_direction&quot;:&quot;negative&quot;,&quot;motion_fx_translateY_speed&quot;:{&quot;unit&quot;:&quot;px&quot;,&quot;size&quot;:7.9,&quot;sizes&quot;:[]},&quot;motion_fx_translateY_affectedRange&quot;:{&quot;unit&quot;:&quot;%&quot;,&quot;size&quot;:&quot;&quot;,&quot;sizes&quot;:{&quot;start&quot;:0,&quot;end&quot;:100}},&quot;motion_fx_devices&quot;:[&quot;desktop&quot;,&quot;laptop&quot;,&quot;tablet&quot;,&quot;mobile&quot;]}\" data-widget_type=\"heading.default\">\n\t\t\t\t<div class=\"elementor-widget-container\">\n\t\t\t\t\t<h2 class=\"elementor-heading-title elementor-size-default\">Vivienda digna para todos<\/h2>\t\t\t\t<\/div>\n\t\t\t\t<\/div>\n\t\t\t\t\t<\/div>\n\t\t\t\t<\/div>\n\t\t\t\t<\/div>\n\t\t<div class=\"elementor-element elementor-element-6af3933 e-flex e-con-boxed e-con e-parent\" data-id=\"6af3933\" data-element_type=\"container\" data-e-type=\"container\" data-settings=\"{&quot;background_background&quot;:&quot;classic&quot;}\">\n\t\t\t\t\t<div class=\"e-con-inner\">\n\t\t\t\t<div class=\"elementor-element elementor-element-6ca9076 elementor-widget elementor-widget-spacer\" data-id=\"6ca9076\" data-element_type=\"widget\" data-e-type=\"widget\" data-widget_type=\"spacer.default\">\n\t\t\t\t<div class=\"elementor-widget-container\">\n\t\t\t\t\t\t\t<div class=\"elementor-spacer\">\n\t\t\t<div class=\"elementor-spacer-inner\"><\/div>\n\t\t<\/div>\n\t\t\t\t\t\t<\/div>\n\t\t\t\t<\/div>\n\t\t<div class=\"elementor-element elementor-element-5393e2a e-con-full e-flex e-con e-child\" data-id=\"5393e2a\" data-element_type=\"container\" data-e-type=\"container\">\n\t\t\t\t<div class=\"elementor-element elementor-element-decca5c elementor-widget elementor-widget-heading\" data-id=\"decca5c\" data-element_type=\"widget\" data-e-type=\"widget\" data-settings=\"{&quot;motion_fx_motion_fx_scrolling&quot;:&quot;yes&quot;,&quot;motion_fx_translateY_effect&quot;:&quot;yes&quot;,&quot;motion_fx_translateY_affectedRange&quot;:{&quot;unit&quot;:&quot;%&quot;,&quot;size&quot;:&quot;&quot;,&quot;sizes&quot;:{&quot;start&quot;:20,&quot;end&quot;:80}},&quot;motion_fx_translateY_speed&quot;:{&quot;unit&quot;:&quot;px&quot;,&quot;size&quot;:4,&quot;sizes&quot;:[]},&quot;motion_fx_devices&quot;:[&quot;desktop&quot;,&quot;laptop&quot;,&quot;tablet&quot;,&quot;mobile&quot;]}\" data-widget_type=\"heading.default\">\n\t\t\t\t<div class=\"elementor-widget-container\">\n\t\t\t\t\t<h2 class=\"elementor-heading-title elementor-size-default\">Aviso legal<\/h2>\t\t\t\t<\/div>\n\t\t\t\t<\/div>\n\t\t\t\t<div class=\"elementor-element elementor-element-0126031 elementor-widget elementor-widget-spacer\" data-id=\"0126031\" data-element_type=\"widget\" data-e-type=\"widget\" data-widget_type=\"spacer.default\">\n\t\t\t\t<div class=\"elementor-widget-container\">\n\t\t\t\t\t\t\t<div class=\"elementor-spacer\">\n\t\t\t<div class=\"elementor-spacer-inner\"><\/div>\n\t\t<\/div>\n\t\t\t\t\t\t<\/div>\n\t\t\t\t<\/div>\n\t\t\t\t<div class=\"elementor-element elementor-element-0a3e1fa elementor-widget elementor-widget-text-editor\" data-id=\"0a3e1fa\" data-element_type=\"widget\" data-e-type=\"widget\" data-widget_type=\"text-editor.default\">\n\t\t\t\t<div class=\"elementor-widget-container\">\n\t\t\t\t\t\t\t\t\t<h1><span style=\"color: inherit; font-family: inherit; font-size: 2rem; text-align: var(--text-align); background-color: var( --e-global-color-accent );\">Titularidad de la web y los datos de contacto<\/span><\/h1><p>www.fundaciomambre.org es un dominio de internet que tiene como propietario a FUNDACIO PRIVADA MAMBR\u00c9 (en adelante, FUNDACI\u00d3N MAMBR\u00c9) con CIF\/NIF G64641582 y domiciliada en C\/ NAPOLS 133, 3\u00ba1\u00aa 08013 BARCELONA (BARCELONA). Riego. de Fundaciones, Dir. Gral de Derecho y de Entidades Jur\u00eddicas, General.   <\/p><p>Puede contactar con el propietario de esta web en:<\/p><ul><li>Telef\u00f3nicamente, en el n\u00famero 93 302 19 81<\/li><li>Por correo electr\u00f3nico, dirigi\u00e9ndose a fmambre@fundaciomambre.org<\/li><li>Por correo ordinario, dirigi\u00e9ndose a FUNDACI\u00d3 MAMBR\u00c9, C\/ NAPOLS 133, 3\u00ba1\u00aa 08013 BARCELONA (BARCELONA)<\/li><\/ul><p>Para cualquier aclaraci\u00f3n no dude en contactar con FUNDACI\u00d3 MAMBR\u00c9.<\/p><p> <\/p><p> <\/p><h2>Condiciones de uso de la web<\/h2><p>Las presentes condiciones de uso regulan el acceso a esta web por parte de los clientes de FUNDACI\u00d3 MAMBR\u00c9 y otros usuarios de Internet. Para navegar en esta web, el usuario manifiesta su aceptaci\u00f3n sin salvedades de las presentes condiciones de uso. <\/p><p>FUNDACI\u00d3 MAMBR\u00c9 se reserva el derecho unilateral a modificar las presentes condiciones de acceso a la web, as\u00ed como los contenidos incluidos.<\/p><p> <\/p><p> <\/p><h3>Limitaci\u00f3n y exclusi\u00f3n de responsabilidad<\/h3><p>El contenido de esta web es de car\u00e1cter general y tiene una finalidad y efectos exclusivamente informativos. FUNDACI\u00d3 MAMBR\u00c9 no acepta responsabilidad sobre cualquier informaci\u00f3n no elaborada por ella o publicada a su nombre sin su autorizaci\u00f3n, as\u00ed como responsabilidad derivada de la mala utilizaci\u00f3n por terceros de los contenidos. <\/p><p>El usuario exime a FUNDACI\u00d3 MAMBR\u00c9 de cualquier responsabilidad que pudiera derivarse de las interrupciones de disponibilidad de la p\u00e1gina web, ya sea por mal funcionamiento del servidor web o de las aplicaciones, de las infraestructuras de comunicaciones o del software y hardware utilizados para la navegaci\u00f3n.<\/p><p>En caso de incluir enlaces a otras p\u00e1ginas web, FUNDACI\u00d3 MAMBR\u00c9 declina cualquier responsabilidad relacionada con los accesos a los mismos.<\/p><p> <\/p><p> <\/p><h3>Propiedad intelectual e industrial<\/h3><p>La totalidad de esta web est\u00e1 protegida por las leyes de propiedad intelectual e industrial. Salvo que se indique lo contrario, los derechos de propiedad intelectual respecto a los contenidos corresponden en exclusiva a FUNDACI\u00d3 MAMBR\u00c9. El usuario reconoce que el uso de los contenidos se limitar\u00e1 estrictamente a fines particulares del propio usuario y que la reproducci\u00f3n, distribuci\u00f3n, comunicaci\u00f3n o transformaci\u00f3n no expresamente autorizada de dichos contenidos constituir\u00eda una infracci\u00f3n de los derechos de propiedad intelectual.  <\/p><p>Asimismo, el usuario se abstendr\u00e1 de aplicar los contenidos y principalmente la informaci\u00f3n de cualquier tipo obtenida mediante esta web para remitir publicidad o comunicaciones con fines de venta directa o de car\u00e1cter comercial; mensajes no solicitados dirigidos a una pluralidad de personas con independencia de su finalidad. Tambi\u00e9n se abstendr\u00e1 de divulgar de cualquier modo esta informaci\u00f3n. <\/p><p>www.fundaciomambre.org es un dominio de FUNDACI\u00d3N MAMBR\u00c9. No puede ser utilizado, salvo autorizaci\u00f3n previa y expresa, en conexi\u00f3n con otros productos o servicios que no sean propiedad de FUNDACI\u00d3 MAMBR\u00c9 en modo alguno que pueda causar confusi\u00f3n entre nuestros clientes o descr\u00e9dito de FUNDACI\u00d3 MAMBR\u00c9. <\/p><p> <\/p><p> <\/p><h3>Pol\u00edtica para enlazar a esta web<\/h3><p>Si cualquier usuario, entidad o p\u00e1gina web deseara establecer alg\u00fan tipo de enlace con destino a esta web deber\u00e1 solicitar autorizaci\u00f3n previa a la realizaci\u00f3n del enlace y por escrito.<\/p><p>Adem\u00e1s, s\u00f3lo se permite enlazar a la p\u00e1gina de inicio de la web. El enlace debe ser en su totalidad y completo, es decir, debe llevar al usuario a la propia direcci\u00f3n de FUNDACI\u00d3 MAMBR\u00c9 abarcando completamente la extensi\u00f3n de la pantalla de la p\u00e1gina que contiene el enlace. En ning\u00fan caso, salvo autorizaci\u00f3n expresa y por escrito de FUNDACI\u00d3 MAMBR\u00c9, la p\u00e1gina que realice el enlace en ning\u00fan momento podr\u00e1 reproducir la web FUNDACI\u00d3 MAMBR\u00c9, ni incluirla como parte de su web ni dentro de uno de sus marcos sobre cualquiera de las p\u00e1ginas o contenidos de la presente web.  <\/p><p>No se incluir\u00e1 ninguna manifestaci\u00f3n falsa, inexacta o incorrecta sobre las p\u00e1ginas de esta web o los servicios que en ella se ofrecen.<\/p><p>El enlace no contendr\u00e1 ninguna marca, nombre comercial, r\u00f3tulo de establecimiento, denominaci\u00f3n, logotipo, eslogan u otros signos distintivos pertenecientes a FUNDACI\u00d3 MAMBR\u00c9<\/p><p>En ninguna circunstancia FUNDACI\u00d3 MAMBR\u00c9 ser\u00e1 responsable de los contenidos o servicios puestos a disposici\u00f3n del p\u00fablico en la p\u00e1gina web desde la que se realice el enlace ni de las informaciones o manifestaciones incluidas en las mismas.<\/p><p> <\/p><p> <\/p><h3>Protecci\u00f3n de datos personales<\/h3><p>La utilizaci\u00f3n de esta web y sus formularios requiere la aceptaci\u00f3n del tratamiento de los datos del usuario, siendo responsable del tratamiento FUNDACIO PRIVADA MAMBR\u00c9, para fines que incluyen la provisi\u00f3n de la web, la recopilaci\u00f3n de datos de acceso y el env\u00edo de informaci\u00f3n comercial por v\u00eda electr\u00f3nica, en determinados casos.<\/p><p>Lea detenidamente la <u>pol\u00edtica de privacidad<\/u> para informaci\u00f3n adicional y detallada, incluyendo c\u00f3mo utilizamos los datos de los usuarios y c\u00f3mo ejercer los derechos de acceso, rectificaci\u00f3n, supresi\u00f3n, oposici\u00f3n, y otros derechos de protecci\u00f3n de datos.<\/p><p> <\/p><p> <\/p><h3>Cookies<\/h3><p>Esta web utiliza cookies propias y de terceros para diversas finalidades incluyendo anal\u00edticas y publicitarias adaptadas a los intereses del usuario. Visualizar esta web con las cookies activadas en el navegador implica la aceptaci\u00f3n de su tratamiento conforme a nuestra <u>pol\u00edtica de cookies<\/u> . <\/p><p>Lea detenidamente nuestra pol\u00edtica de cookies para conocer las tipolog\u00edas de cookies utilizadas, y c\u00f3mo bloquearlas o borrarlas en su navegador.<\/p><p> <\/p><h3>Prevalencia de la versi\u00f3n espa\u00f1ola<\/h3><p>En caso de que se traduzca este aviso legal a otros idiomas, cuando exista alguna discrepancia, la versi\u00f3n espa\u00f1ola prevalecer\u00e1.<\/p><p> <\/p><h3>Legislaci\u00f3n y Jurisdicci\u00f3n aplicable<\/h3><p>El presente Aviso Legal as\u00ed como las relaciones entre FUNDACI\u00d3 MAMBR\u00c9 y los usuarios se regir\u00e1n por la normativa espa\u00f1ola vigente y cualquier controversia se someter\u00e1 a los Juzgados y Tribunales de BARCELONA, salvo en el caso de consumidores y usuarios donde se aplicar\u00e1 el fuero imperativo de los juzgados que correspondan a su domicilio.<\/p>\t\t\t\t\t\t\t\t<\/div>\n\t\t\t\t<\/div>\n\t\t\t\t<div class=\"elementor-element elementor-element-e2ca01d elementor-widget elementor-widget-spacer\" data-id=\"e2ca01d\" data-element_type=\"widget\" data-e-type=\"widget\" data-widget_type=\"spacer.default\">\n\t\t\t\t<div class=\"elementor-widget-container\">\n\t\t\t\t\t\t\t<div class=\"elementor-spacer\">\n\t\t\t<div class=\"elementor-spacer-inner\"><\/div>\n\t\t<\/div>\n\t\t\t\t\t\t<\/div>\n\t\t\t\t<\/div>\n\t\t\t\t<\/div>\n\t\t\t\t\t<\/div>\n\t\t\t\t<\/div>\n\t\t\t\t<\/div>\n\t\t","protected":false},"excerpt":{"rendered":"<p>Vivienda digna para todos Aviso legal Titularidad de la web y los datos de contacto www.fundaciomambre.org es un dominio de internet que tiene como propietario a FUNDACIO PRIVADA MAMBR\u00c9 (en adelante, FUNDACI\u00d3N MAMBR\u00c9) con CIF\/NIF G64641582 y domiciliada en C\/ NAPOLS 133, 3\u00ba1\u00aa 08013 BARCELONA (BARCELONA). Riego. de Fundaciones, Dir. Gral de Derecho y de [&hellip;]<\/p>\n","protected":false},"author":1,"featured_media":0,"parent":0,"menu_order":0,"comment_status":"closed","ping_status":"closed","template":"","meta":{"footnotes":""},"class_list":["post-4225","page","type-page","status-publish","hentry"],"_links":{"self":[{"href":"https:\/\/fundaciomambre.org\/es\/wp-json\/wp\/v2\/pages\/4225","targetHints":{"allow":["GET"]}}],"collection":[{"href":"https:\/\/fundaciomambre.org\/es\/wp-json\/wp\/v2\/pages"}],"about":[{"href":"https:\/\/fundaciomambre.org\/es\/wp-json\/wp\/v2\/types\/page"}],"author":[{"embeddable":true,"href":"https:\/\/fundaciomambre.org\/es\/wp-json\/wp\/v2\/users\/1"}],"replies":[{"embeddable":true,"href":"https:\/\/fundaciomambre.org\/es\/wp-json\/wp\/v2\/comments?post=4225"}],"version-history":[{"count":7,"href":"https:\/\/fundaciomambre.org\/es\/wp-json\/wp\/v2\/pages\/4225\/revisions"}],"predecessor-version":[{"id":4519,"href":"https:\/\/fundaciomambre.org\/es\/wp-json\/wp\/v2\/pages\/4225\/revisions\/4519"}],"wp:attachment":[{"href":"https:\/\/fundaciomambre.org\/es\/wp-json\/wp\/v2\/media?parent=4225"}],"curies":[{"name":"wp","href":"https:\/\/api.w.org\/{rel}","templated":true}]}}