{"id":4182,"date":"2025-02-03T12:43:51","date_gmt":"2025-02-03T11:43:51","guid":{"rendered":"https:\/\/fundaciomambre.org\/captacion-y-administracion-de-vivienda-social\/"},"modified":"2025-09-29T17:50:14","modified_gmt":"2025-09-29T15:50:14","slug":"captacion-y-administracion-de-vivienda-social","status":"publish","type":"page","link":"https:\/\/fundaciomambre.org\/es\/captacion-y-administracion-de-vivienda-social\/","title":{"rendered":"Captaci\u00f3n y administraci\u00f3n de vivienda social"},"content":{"rendered":"\t\t<div data-elementor-type=\"wp-page\" data-elementor-id=\"4182\" class=\"elementor elementor-4182 elementor-3131\" data-elementor-post-type=\"page\">\n\t\t\t\t<div class=\"elementor-element elementor-element-0ce3585 e-con-full e-flex e-con e-parent\" data-id=\"0ce3585\" data-element_type=\"container\" data-e-type=\"container\" data-settings=\"{&quot;background_background&quot;:&quot;classic&quot;}\">\n\t\t<div class=\"elementor-element elementor-element-56bd23c e-flex e-con-boxed e-con e-child\" data-id=\"56bd23c\" data-element_type=\"container\" data-e-type=\"container\">\n\t\t\t\t\t<div class=\"e-con-inner\">\n\t\t\t\t<div class=\"elementor-element elementor-element-9902b78 elementor-widget elementor-widget-heading\" data-id=\"9902b78\" data-element_type=\"widget\" data-e-type=\"widget\" data-settings=\"{&quot;motion_fx_motion_fx_scrolling&quot;:&quot;yes&quot;,&quot;motion_fx_translateY_effect&quot;:&quot;yes&quot;,&quot;motion_fx_translateY_direction&quot;:&quot;negative&quot;,&quot;motion_fx_translateY_speed&quot;:{&quot;unit&quot;:&quot;px&quot;,&quot;size&quot;:7.9,&quot;sizes&quot;:[]},&quot;motion_fx_translateY_affectedRange&quot;:{&quot;unit&quot;:&quot;%&quot;,&quot;size&quot;:&quot;&quot;,&quot;sizes&quot;:{&quot;start&quot;:0,&quot;end&quot;:100}},&quot;motion_fx_devices&quot;:[&quot;desktop&quot;,&quot;laptop&quot;,&quot;tablet&quot;,&quot;mobile&quot;]}\" data-widget_type=\"heading.default\">\n\t\t\t\t<div class=\"elementor-widget-container\">\n\t\t\t\t\t<h2 class=\"elementor-heading-title elementor-size-default\">Captaci\u00f3n y administraci\u00f3n de vivienda social<\/h2>\t\t\t\t<\/div>\n\t\t\t\t<\/div>\n\t\t\t\t\t<\/div>\n\t\t\t\t<\/div>\n\t\t\t\t<\/div>\n\t\t<div class=\"elementor-element elementor-element-ca46563 e-flex e-con-boxed e-con e-parent\" data-id=\"ca46563\" data-element_type=\"container\" data-e-type=\"container\" data-settings=\"{&quot;background_background&quot;:&quot;classic&quot;}\">\n\t\t\t\t\t<div class=\"e-con-inner\">\n\t\t\t\t<div class=\"elementor-element elementor-element-797fb7f elementor-widget elementor-widget-spacer\" data-id=\"797fb7f\" data-element_type=\"widget\" data-e-type=\"widget\" data-widget_type=\"spacer.default\">\n\t\t\t\t<div class=\"elementor-widget-container\">\n\t\t\t\t\t\t\t<div class=\"elementor-spacer\">\n\t\t\t<div class=\"elementor-spacer-inner\"><\/div>\n\t\t<\/div>\n\t\t\t\t\t\t<\/div>\n\t\t\t\t<\/div>\n\t\t<div class=\"elementor-element elementor-element-5932b7d e-con-full e-flex e-con e-child\" data-id=\"5932b7d\" data-element_type=\"container\" data-e-type=\"container\">\n\t\t\t\t<div class=\"elementor-element elementor-element-245bb80 elementor-widget elementor-widget-heading\" data-id=\"245bb80\" data-element_type=\"widget\" data-e-type=\"widget\" data-settings=\"{&quot;motion_fx_motion_fx_scrolling&quot;:&quot;yes&quot;,&quot;motion_fx_translateY_effect&quot;:&quot;yes&quot;,&quot;motion_fx_translateY_affectedRange&quot;:{&quot;unit&quot;:&quot;%&quot;,&quot;size&quot;:&quot;&quot;,&quot;sizes&quot;:{&quot;start&quot;:20,&quot;end&quot;:80}},&quot;motion_fx_translateY_speed&quot;:{&quot;unit&quot;:&quot;px&quot;,&quot;size&quot;:4,&quot;sizes&quot;:[]},&quot;motion_fx_devices&quot;:[&quot;desktop&quot;,&quot;laptop&quot;,&quot;tablet&quot;,&quot;mobile&quot;]}\" data-widget_type=\"heading.default\">\n\t\t\t\t<div class=\"elementor-widget-container\">\n\t\t\t\t\t<h2 class=\"elementor-heading-title elementor-size-default\">Captaci\u00f3n y administraci\u00f3n de vivienda social<\/h2>\t\t\t\t<\/div>\n\t\t\t\t<\/div>\n\t\t\t\t<div class=\"elementor-element elementor-element-bf9e798 elementor-widget elementor-widget-spacer\" data-id=\"bf9e798\" data-element_type=\"widget\" data-e-type=\"widget\" data-widget_type=\"spacer.default\">\n\t\t\t\t<div class=\"elementor-widget-container\">\n\t\t\t\t\t\t\t<div class=\"elementor-spacer\">\n\t\t\t<div class=\"elementor-spacer-inner\"><\/div>\n\t\t<\/div>\n\t\t\t\t\t\t<\/div>\n\t\t\t\t<\/div>\n\t\t\t\t<\/div>\n\t\t\t\t\t<\/div>\n\t\t\t\t<\/div>\n\t\t<div class=\"elementor-element elementor-element-2b11f9a e-flex e-con-boxed e-con e-parent\" data-id=\"2b11f9a\" data-element_type=\"container\" data-e-type=\"container\" data-settings=\"{&quot;background_background&quot;:&quot;classic&quot;}\">\n\t\t\t\t\t<div class=\"e-con-inner\">\n\t\t<div class=\"elementor-element elementor-element-5bac426 e-con-full e-flex e-con e-child\" data-id=\"5bac426\" data-element_type=\"container\" data-e-type=\"container\">\n\t\t\t\t<div class=\"elementor-element elementor-element-41239a6 elementor-widget elementor-widget-text-editor\" data-id=\"41239a6\" data-element_type=\"widget\" data-e-type=\"widget\" data-widget_type=\"text-editor.default\">\n\t\t\t\t<div class=\"elementor-widget-container\">\n\t\t\t\t\t\t\t\t\t<p><strong>Buscamos, administramos y realizamos el mantenimiento de vivienda asequible a trav\u00e9s de la compra, alquiler o cesi\u00f3n.<\/strong><\/p><p><strong>Aportamos valor social<\/strong> . Ponemos las viviendas a disposici\u00f3n de personas en situaci\u00f3n de sinhogarismo y exclusi\u00f3n residencial en colaboraci\u00f3n con otras entidades sociales que las acompa\u00f1an. <\/p>\t\t\t\t\t\t\t\t<\/div>\n\t\t\t\t<\/div>\n\t\t\t\t<\/div>\n\t\t<div class=\"elementor-element elementor-element-a5bd577 e-con-full e-flex e-con e-child\" data-id=\"a5bd577\" data-element_type=\"container\" data-e-type=\"container\">\n\t\t\t\t<div class=\"elementor-element elementor-element-a53c508 elementor-widget elementor-widget-text-editor\" data-id=\"a53c508\" data-element_type=\"widget\" data-e-type=\"widget\" data-widget_type=\"text-editor.default\">\n\t\t\t\t<div class=\"elementor-widget-container\">\n\t\t\t\t\t\t\t\t\t<p>Ofrecemos a la propiedad:<\/p><ul><li><strong>Garant\u00eda de pago<\/strong> de alquiler<\/li><li><strong>Confianza<\/strong> : medimos y sensibilizamos ante cualquier incidencia<\/li><li>Contratamos un <strong>seguro<\/strong><\/li><li><strong>Cuidamos<\/strong> la vivienda y la devolvemos en buen estado<\/li><li><strong>Rehabilitaci\u00f3n<\/strong> : nos encargamos de la reforma, facilitamos financiaci\u00f3n y gesti\u00f3n de las obras<\/li><\/ul>\t\t\t\t\t\t\t\t<\/div>\n\t\t\t\t<\/div>\n\t\t\t\t<\/div>\n\t\t\t\t\t<\/div>\n\t\t\t\t<\/div>\n\t\t<div class=\"elementor-element elementor-element-31cb4a4 e-flex e-con-boxed e-con e-parent\" data-id=\"31cb4a4\" data-element_type=\"container\" data-e-type=\"container\" data-settings=\"{&quot;background_background&quot;:&quot;classic&quot;}\">\n\t\t\t\t\t<div class=\"e-con-inner\">\n\t\t\t\t<div class=\"elementor-element elementor-element-64ef45c elementor-widget elementor-widget-spacer\" data-id=\"64ef45c\" data-element_type=\"widget\" data-e-type=\"widget\" data-widget_type=\"spacer.default\">\n\t\t\t\t<div class=\"elementor-widget-container\">\n\t\t\t\t\t\t\t<div class=\"elementor-spacer\">\n\t\t\t<div class=\"elementor-spacer-inner\"><\/div>\n\t\t<\/div>\n\t\t\t\t\t\t<\/div>\n\t\t\t\t<\/div>\n\t\t\t\t\t<\/div>\n\t\t\t\t<\/div>\n\t\t<div class=\"elementor-element elementor-element-357ea08 e-grid e-con-boxed e-con e-parent\" data-id=\"357ea08\" data-element_type=\"container\" data-e-type=\"container\" data-settings=\"{&quot;background_background&quot;:&quot;classic&quot;}\">\n\t\t\t\t\t<div class=\"e-con-inner\">\n\t\t<div class=\"elementor-element elementor-element-695b4c9 e-con-full e-flex e-con e-child\" data-id=\"695b4c9\" data-element_type=\"container\" data-e-type=\"container\">\n\t\t\t\t<div class=\"elementor-element elementor-element-2b314ee elementor-view-default elementor-widget elementor-widget-icon\" data-id=\"2b314ee\" data-element_type=\"widget\" data-e-type=\"widget\" data-widget_type=\"icon.default\">\n\t\t\t\t<div class=\"elementor-widget-container\">\n\t\t\t\t\t\t\t<div class=\"elementor-icon-wrapper\">\n\t\t\t<div class=\"elementor-icon\">\n\t\t\t<svg xmlns=\"http:\/\/www.w3.org\/2000\/svg\" xmlns:xlink=\"http:\/\/www.w3.org\/1999\/xlink\" id=\"Capa_1\" x=\"0px\" y=\"0px\" viewBox=\"0 0 258.1 259.5\" style=\"enable-background:new 0 0 258.1 259.5;\" xml:space=\"preserve\"><style type=\"text\/css\">\t.st0{fill-rule:evenodd;clip-rule:evenodd;fill:#692D1D;}<\/style><g>\t<path class=\"st0\" d=\"M161.8,103h26.1c1.6,0,3-1.4,3-3V73.7c0-8.9-7.3-16.2-16.2-16.2c-8.7,0-16,7.3-16,16.2V100  C158.7,101.6,160.2,103,161.8,103L161.8,103z M164.8,73.7c0-5.5,4.4-10,10-10s10.1,4.4,10.1,10v23.1h-20.1V73.7z M119.1,103h26  c1.8,0,3-1.4,3-3V73.7c0-8.9-7.1-16.2-16-16.2c-8.9,0-16.2,7.3-16.2,16.2V100C116,101.6,117.3,103,119.1,103L119.1,103z   M122.1,73.7c0-5.5,4.4-10,10-10c5.5,0,10,4.4,10,10v23.1h-19.9V73.7z M76.2,103h26.1c1.6,0,3-1.4,3-3V73.7  c0-8.9-7.3-16.2-16.2-16.2c-8.7,0-16,7.3-16,16.2V100C73.2,101.6,74.6,103,76.2,103L76.2,103z M79.2,73.7c0-5.5,4.6-10,10-10  c5.5,0,10.1,4.4,10.1,10v23.1H79.2V73.7z M161.8,166.9h26.1c1.6,0,3-1.4,3-3v-39.3c0-1.8-1.4-3.2-3-3.2h-26.1c-1.6,0-3,1.4-3,3.2  v39.3C158.7,165.4,160.2,166.9,161.8,166.9L161.8,166.9z M164.8,127.5h19.9v33.3h-19.9V127.5z M119.1,166.9h26c1.8,0,3-1.4,3-3  v-39.3c0-1.8-1.2-3.2-3-3.2h-26c-1.8,0-3,1.4-3,3.2v39.3C116,165.4,117.3,166.9,119.1,166.9L119.1,166.9z M122.1,127.5H142v33.3  h-19.9V127.5z M76.2,166.9h26.1c1.6,0,3-1.4,3-3v-39.3c0-1.8-1.4-3.2-3-3.2H76.2c-1.6,0-3,1.4-3,3.2v39.3  C73.2,165.4,74.6,166.9,76.2,166.9L76.2,166.9z M79.2,127.5h20.1v33.3H79.2V127.5z M161.8,230.7h26.1c1.6,0,3-1.4,3-3v-39.3  c0-1.8-1.4-3.2-3-3.2h-26.1c-1.6,0-3,1.4-3,3.2v39.3C158.7,229.3,160.2,230.7,161.8,230.7L161.8,230.7z M164.8,191.4h19.9v33.3  h-19.9V191.4z M76.2,230.7h26.1c1.6,0,3-1.4,3-3v-39.3c0-1.8-1.4-3.2-3-3.2H76.2c-1.6,0-3,1.4-3,3.2v39.3  C73.2,229.3,74.6,230.7,76.2,230.7L76.2,230.7z M79.2,191.4h20.1v33.3H79.2V191.4z M254.1,191.7c0-14.9-11-27.2-24.5-27.2  c-8,0-15.1,4.4-19.6,11V43.8h5.3c1.6,0,3-1.4,3-3V9.6c0-1.6-1.4-3-3-3H48.8c-1.6,0-3,1.4-3,3v31.1c0,1.6,1.4,3,3,3H54v131.8  c-4.4-6.8-11.6-11-19.6-11c-13.3,0-24.4,12.3-24.4,27.2c0,13.9,9.4,25.3,21.3,27v25.6H13.1c-1.6,0-3,1.4-3,3.2c0,1.6,1.4,3,3,3h238  c1.6,0,3-1.4,3-3c0-1.8-1.4-3.2-3-3.2h-18.3v-25.6C244.6,217,254.1,205.6,254.1,191.7L254.1,191.7z M229.5,170.6  c10.1,0,18.3,9.6,18.3,21.2c0,11.6-8.2,21.2-18.3,21.2c-10,0-18.3-9.6-18.3-21.2C211.2,180.2,219.6,170.6,229.5,170.6L229.5,170.6z   M51.8,12.7h160.4v25.1H51.8V12.7z M203.9,43.8v200.6h-55.8v-56c0-1.8-1.2-3.2-3-3.2h-26c-1.8,0-3.2,1.4-3.2,3.2v56H60.2V43.8  H203.9z M142,244.4h-19.9v-53H142V244.4z M16.1,191.7c0-11.6,8.4-21.2,18.3-21.2c10.1,0,18.3,9.6,18.3,21.2  c0,11.6-8.2,21.2-18.3,21.2C24.5,212.9,16.1,203.3,16.1,191.7L16.1,191.7z M37.4,218.8c6.9-1.1,12.8-5,16.5-10.8l0.2,36.5H37.6  L37.4,218.8z M209.9,244.4v-36.5c3.9,5.9,9.8,9.8,16.5,10.8v25.6H209.9z\"><\/path><\/g><\/svg>\t\t\t<\/div>\n\t\t<\/div>\n\t\t\t\t\t\t<\/div>\n\t\t\t\t<\/div>\n\t\t\t\t<div class=\"elementor-element elementor-element-50dd7a2 elementor-widget elementor-widget-counter\" data-id=\"50dd7a2\" data-element_type=\"widget\" data-e-type=\"widget\" data-widget_type=\"counter.default\">\n\t\t\t\t<div class=\"elementor-widget-container\">\n\t\t\t\t\t\t\t<div class=\"elementor-counter\">\n\t\t\t<div class=\"elementor-counter-title\">Viviendas<\/br> gestionadas<\/div>\t\t\t<div class=\"elementor-counter-number-wrapper\">\n\t\t\t\t<span class=\"elementor-counter-number-prefix\"><\/span>\n\t\t\t\t<span class=\"elementor-counter-number\" data-duration=\"2000\" data-to-value=\"415\" data-from-value=\"0\" data-delimiter=\",\">0<\/span>\n\t\t\t\t<span class=\"elementor-counter-number-suffix\"><\/span>\n\t\t\t<\/div>\n\t\t<\/div>\n\t\t\t\t\t\t<\/div>\n\t\t\t\t<\/div>\n\t\t\t\t<\/div>\n\t\t<div class=\"elementor-element elementor-element-aa69f9a e-con-full e-flex e-con e-child\" data-id=\"aa69f9a\" data-element_type=\"container\" data-e-type=\"container\">\n\t\t\t\t<div class=\"elementor-element elementor-element-39ef158 elementor-view-default elementor-widget elementor-widget-icon\" data-id=\"39ef158\" data-element_type=\"widget\" data-e-type=\"widget\" data-widget_type=\"icon.default\">\n\t\t\t\t<div class=\"elementor-widget-container\">\n\t\t\t\t\t\t\t<div class=\"elementor-icon-wrapper\">\n\t\t\t<div class=\"elementor-icon\">\n\t\t\t<svg xmlns=\"http:\/\/www.w3.org\/2000\/svg\" xmlns:xlink=\"http:\/\/www.w3.org\/1999\/xlink\" id=\"Capa_1\" x=\"0px\" y=\"0px\" viewBox=\"0 0 215.2 208.5\" style=\"enable-background:new 0 0 215.2 208.5;\" xml:space=\"preserve\"><style type=\"text\/css\">\t.st0{fill-rule:evenodd;clip-rule:evenodd;fill:#5D3124;}<\/style><g>\t<path class=\"st0\" d=\"M213.1,80.1l-99.4-67.6c-3.6-2.4-8.4-2.4-12.1,0L2.4,80.1c-2.6,1.8-3.2,5-1.4,7.4c1.6,2.6,5,3.2,7.4,1.6  l99.2-67.6l99.2,67.6c5.8,3.8,11.9-4.8,6-9.1h0.3V80.1z M150.6,23.5c3,0,5.4-2.4,5.4-5.4v-7.2h21.1v29c0,3,2.4,5.4,5.2,5.4  c3,0,5.4-2.4,5.4-5.4v-29c0-6-4.8-10.9-10.7-10.9h-21.1c-6,0-10.9,4.8-10.9,10.9v7.2C145.1,21.1,147.6,23.5,150.6,23.5L150.6,23.5z   M97.1,134.2h-9.7c-6,0-10.9,4.8-10.9,10.7v52.7H25.6v-97c0-7-10.7-7-10.7,0v97c0,6,4.8,10.9,10.7,10.9h50.9  c6,0,10.9-4.8,10.9-10.9v-52.7h9.7C104.1,144.8,104.1,134.2,97.1,134.2L97.1,134.2z M195.2,95.1c-3,0-5.4,2.4-5.4,5.4v97h-50.9  v-52.7c0-5.8-4.8-10.7-10.7-10.7h-9.7c-3,0-5.4,2.4-5.4,5.2c0,3,2.4,5.4,5.4,5.4h9.7v52.7c0,6,4.6,10.9,10.7,10.9h50.9  c6,0,10.9-4.8,10.9-10.9v-97C200.7,97.6,198.3,95.1,195.2,95.1L195.2,95.1z\"><\/path><\/g><\/svg>\t\t\t<\/div>\n\t\t<\/div>\n\t\t\t\t\t\t<\/div>\n\t\t\t\t<\/div>\n\t\t\t\t<div class=\"elementor-element elementor-element-d023a68 elementor-widget elementor-widget-counter\" data-id=\"d023a68\" data-element_type=\"widget\" data-e-type=\"widget\" data-widget_type=\"counter.default\">\n\t\t\t\t<div class=\"elementor-widget-container\">\n\t\t\t\t\t\t\t<div class=\"elementor-counter\">\n\t\t\t<div class=\"elementor-counter-title\">Viviendas<\/br> propias<\/div>\t\t\t<div class=\"elementor-counter-number-wrapper\">\n\t\t\t\t<span class=\"elementor-counter-number-prefix\"><\/span>\n\t\t\t\t<span class=\"elementor-counter-number\" data-duration=\"2000\" data-to-value=\"54\" data-from-value=\"0\" data-delimiter=\",\">0<\/span>\n\t\t\t\t<span class=\"elementor-counter-number-suffix\"><\/span>\n\t\t\t<\/div>\n\t\t<\/div>\n\t\t\t\t\t\t<\/div>\n\t\t\t\t<\/div>\n\t\t\t\t<\/div>\n\t\t<div class=\"elementor-element elementor-element-155d6ff e-con-full e-flex e-con e-child\" data-id=\"155d6ff\" data-element_type=\"container\" data-e-type=\"container\">\n\t\t\t\t<div class=\"elementor-element elementor-element-f711dc6 elementor-view-default elementor-widget elementor-widget-icon\" data-id=\"f711dc6\" data-element_type=\"widget\" data-e-type=\"widget\" data-widget_type=\"icon.default\">\n\t\t\t\t<div class=\"elementor-widget-container\">\n\t\t\t\t\t\t\t<div class=\"elementor-icon-wrapper\">\n\t\t\t<div class=\"elementor-icon\">\n\t\t\t<svg xmlns=\"http:\/\/www.w3.org\/2000\/svg\" xmlns:xlink=\"http:\/\/www.w3.org\/1999\/xlink\" id=\"Capa_1\" x=\"0px\" y=\"0px\" viewBox=\"0 0 251.4 230.5\" style=\"enable-background:new 0 0 251.4 230.5;\" xml:space=\"preserve\"><style type=\"text\/css\">\t.st0{fill-rule:evenodd;clip-rule:evenodd;fill:#692D1D;}<\/style><g>\t<path class=\"st0\" d=\"M235.7,42h-62.8V15.7c0-8.5-7-15.7-15.7-15.7H94.3c-8.5,0-15.7,7.2-15.7,15.7V42H15.7C7.2,42,0,48.9,0,57.7  v157.1c0,8.5,7.2,15.7,15.7,15.7h220c8.8,0,15.7-7.2,15.7-15.7V57.7C251.4,48.9,244.4,42,235.7,42L235.7,42z M89.1,15.7  c0-2.9,2.2-5.2,5.2-5.2h62.8c2.9,0,5.2,2.2,5.2,5.2V42H89.1V15.7z M240.8,214.8c0,2.9-2.2,5.2-5.2,5.2h-220c-2.9,0-5.2-2.2-5.2-5.2  V57.7c0-2.9,2.2-5.4,5.2-5.4h68h83.9h68c2.9,0,5.2,2.5,5.2,5.4V214.8z M204.2,151.9h-62.8c-2.9,0-5.2,2.2-5.2,5.2v5.2h-57  l-17.5-4.9c-0.9-0.2-1.8-0.2-2.7,0l-23.6,5.2c-2.2,0.4-4,2.7-4,5.2v20.9c0,2.5,1.8,4.5,4,5.2l23.3,5.2c0.4,0.2,0.9,0.2,1.3,0.2  s0.9,0,1.3-0.2l17.7-5.2h57v5.4c0,2.9,2.2,5.2,5.2,5.2h62.8c8.8,0,15.7-7,15.7-15.7v-20.9C220,158.9,213,151.9,204.2,151.9  L204.2,151.9z M73.4,184.5l-13.5,3.8l-18-4v-12.6l18.2-4l13.2,3.8V184.5z M136.2,183.4H83.7v-10.5h52.5V183.4z M209.4,188.5  c0,2.9-2.2,5.2-5.2,5.2h-57.7v-5.2v-20.9v-5.4h57.7c2.9,0,5.2,2.5,5.2,5.4V188.5z M38.8,110L38.8,110c-0.4,0-0.7,0.2-1.1,0.2  c-0.2,0.2-0.7,0.2-0.9,0.2l0,0c-0.2,0-0.2,0.2-0.4,0.4c-0.4,0.2-0.9,0.4-1.3,0.7c0,0.4-0.2,0.7-0.4,0.9c-0.2,0.2-0.4,0.4-0.4,0.9  c-0.2,0.4-0.2,0.9-0.4,1.3c0,0.2,0,0.4,0,0.7l0,0c0,0.2,0.2,0.7,0.2,0.9c0,0.4,0,0.9,0.2,1.1l0,0c4.9,11.4,16.2,18.9,28.7,18.9  c11.7,0,21.8-6.3,27.2-15.7h71.4c5.4,9.4,15.5,15.7,27.2,15.7c12.6,0,23.8-7.4,28.7-18.9l0,0c0.2-0.2,0.2-0.7,0.2-1.1  c0.2-0.2,0.2-0.4,0.2-0.9l0,0c0-0.2,0-0.4,0-0.7c0-0.4-0.2-0.9-0.2-1.3c-0.2-0.4-0.4-0.7-0.7-0.9c-0.2-0.2-0.2-0.7-0.4-0.9  c-0.4-0.2-0.9-0.4-1.3-0.7c0-0.2-0.2-0.4-0.4-0.4l0,0c-0.2,0-0.7,0-0.9-0.2c-0.4,0-0.7-0.2-1.1-0.2l0,0h-18.9V99.4h18.9l0,0  c0.4,0,0.7,0,1.1,0c0.2-0.2,0.7-0.2,0.9-0.2c0,0,0,0,0.2,0c0-0.2,0.2-0.4,0.4-0.4c0.4-0.2,0.7-0.4,1.1-0.9c0.2-0.2,0.2-0.4,0.4-0.7  c0.2-0.2,0.4-0.7,0.7-0.9c0-0.4,0.2-0.9,0.2-1.3c0-0.2,0-0.4,0-0.7l0,0c0-0.2,0-0.7-0.2-0.9c0-0.4,0-0.9-0.2-1.1l0,0  c-4.9-11.4-16.2-18.9-28.7-18.9c-11.7,0-21.8,6.3-27.2,15.7H90c-5.4-9.4-15.5-15.7-27.2-15.7c-12.3,0-23.8,7.4-28.7,18.9l0,0  c-0.2,0.2-0.2,0.7-0.2,1.1c0,0.2-0.2,0.7-0.2,0.9l0,0c0,0.2,0,0.4,0,0.7c0.2,0.4,0.2,0.9,0.4,1.3c0,0.2,0.2,0.7,0.4,0.9  c0.2,0.2,0.2,0.4,0.4,0.7c0.4,0.4,0.9,0.7,1.3,0.9c0,0.2,0.2,0.2,0.4,0.4l0,0c0.2,0,0.7,0,0.9,0.2c0.4,0,0.7,0,1.1,0l0,0h18.9V110  H38.8z M188.5,83.7c5.2,0,10.1,2,13.9,5.4h-13.9c-2.9,0-5.2,2.2-5.2,5.2v20.9c0,2.9,2.2,5.4,5.2,5.4h13.9  c-3.8,3.1-8.8,5.2-13.9,5.2c-11.4,0-20.9-9.4-20.9-20.9C167.7,93.1,177.1,83.7,188.5,83.7L188.5,83.7z M93.8,99.4h63.7  c-0.2,1.8-0.4,3.6-0.4,5.4s0.2,3.4,0.4,5.2H93.8c0.2-1.8,0.4-3.4,0.4-5.2S94,101.2,93.8,99.4L93.8,99.4z M62.8,89.1H49.2  c3.6-3.4,8.5-5.4,13.7-5.4c11.7,0,20.9,9.4,20.9,21.1c0,11.4-9.2,20.9-20.9,20.9c-5.2,0-10.1-2-13.7-5.2h13.7  c2.9,0,5.2-2.5,5.2-5.4V94.3C68,91.3,65.8,89.1,62.8,89.1L62.8,89.1z\"><\/path><\/g><\/svg>\t\t\t<\/div>\n\t\t<\/div>\n\t\t\t\t\t\t<\/div>\n\t\t\t\t<\/div>\n\t\t\t\t<div class=\"elementor-element elementor-element-693c471 elementor-widget elementor-widget-counter\" data-id=\"693c471\" data-element_type=\"widget\" data-e-type=\"widget\" data-widget_type=\"counter.default\">\n\t\t\t\t<div class=\"elementor-widget-container\">\n\t\t\t\t\t\t\t<div class=\"elementor-counter\">\n\t\t\t<div class=\"elementor-counter-title\">Viviendas rehabilitadas<\/br> desde 2018<\/div>\t\t\t<div class=\"elementor-counter-number-wrapper\">\n\t\t\t\t<span class=\"elementor-counter-number-prefix\"><\/span>\n\t\t\t\t<span class=\"elementor-counter-number\" data-duration=\"2000\" data-to-value=\"59\" data-from-value=\"0\" data-delimiter=\",\">0<\/span>\n\t\t\t\t<span class=\"elementor-counter-number-suffix\"><\/span>\n\t\t\t<\/div>\n\t\t<\/div>\n\t\t\t\t\t\t<\/div>\n\t\t\t\t<\/div>\n\t\t\t\t<\/div>\n\t\t\t\t\t<\/div>\n\t\t\t\t<\/div>\n\t\t<div class=\"elementor-element elementor-element-6de51d7 e-flex e-con-boxed e-con e-parent\" data-id=\"6de51d7\" data-element_type=\"container\" data-e-type=\"container\" data-settings=\"{&quot;background_background&quot;:&quot;classic&quot;}\">\n\t\t\t\t\t<div class=\"e-con-inner\">\n\t\t\t\t<div class=\"elementor-element elementor-element-907ea09 elementor-widget elementor-widget-spacer\" data-id=\"907ea09\" data-element_type=\"widget\" data-e-type=\"widget\" data-widget_type=\"spacer.default\">\n\t\t\t\t<div class=\"elementor-widget-container\">\n\t\t\t\t\t\t\t<div class=\"elementor-spacer\">\n\t\t\t<div class=\"elementor-spacer-inner\"><\/div>\n\t\t<\/div>\n\t\t\t\t\t\t<\/div>\n\t\t\t\t<\/div>\n\t\t\t\t\t<\/div>\n\t\t\t\t<\/div>\n\t\t<div class=\"elementor-element elementor-element-11e1a93 e-flex e-con-boxed e-con e-parent\" data-id=\"11e1a93\" data-element_type=\"container\" data-e-type=\"container\" data-settings=\"{&quot;background_background&quot;:&quot;classic&quot;}\">\n\t\t\t\t\t<div class=\"e-con-inner\">\n\t\t\t\t<div class=\"elementor-element elementor-element-3572816 elementor-widget elementor-widget-spacer\" data-id=\"3572816\" data-element_type=\"widget\" data-e-type=\"widget\" data-widget_type=\"spacer.default\">\n\t\t\t\t<div class=\"elementor-widget-container\">\n\t\t\t\t\t\t\t<div class=\"elementor-spacer\">\n\t\t\t<div class=\"elementor-spacer-inner\"><\/div>\n\t\t<\/div>\n\t\t\t\t\t\t<\/div>\n\t\t\t\t<\/div>\n\t\t\t\t\t<\/div>\n\t\t\t\t<\/div>\n\t\t<div class=\"elementor-element elementor-element-2f9d64e e-con-full e-flex e-con e-parent\" data-id=\"2f9d64e\" data-element_type=\"container\" data-e-type=\"container\">\n\t\t\t\t<div class=\"elementor-element elementor-element-0bc017d elementor-widget elementor-widget-image\" data-id=\"0bc017d\" data-element_type=\"widget\" data-e-type=\"widget\" data-widget_type=\"image.default\">\n\t\t\t\t<div class=\"elementor-widget-container\">\n\t\t\t\t\t\t\t\t\t\t\t\t\t\t\t<img fetchpriority=\"high\" decoding=\"async\" width=\"2500\" height=\"1124\" src=\"https:\/\/fundaciomambre.org\/wp-content\/uploads\/2025\/09\/Serveis-01-espt-2024.jpg\" class=\"attachment-full size-full wp-image-4842\" alt=\"\" srcset=\"https:\/\/fundaciomambre.org\/wp-content\/uploads\/2025\/09\/Serveis-01-espt-2024.jpg 2500w, https:\/\/fundaciomambre.org\/wp-content\/uploads\/2025\/09\/Serveis-01-espt-2024-300x135.jpg 300w, https:\/\/fundaciomambre.org\/wp-content\/uploads\/2025\/09\/Serveis-01-espt-2024-1024x460.jpg 1024w, https:\/\/fundaciomambre.org\/wp-content\/uploads\/2025\/09\/Serveis-01-espt-2024-768x345.jpg 768w, https:\/\/fundaciomambre.org\/wp-content\/uploads\/2025\/09\/Serveis-01-espt-2024-1536x691.jpg 1536w, https:\/\/fundaciomambre.org\/wp-content\/uploads\/2025\/09\/Serveis-01-espt-2024-2048x921.jpg 2048w\" sizes=\"(max-width: 2500px) 100vw, 2500px\" \/>\t\t\t\t\t\t\t\t\t\t\t\t\t\t\t<\/div>\n\t\t\t\t<\/div>\n\t\t\t\t<\/div>\n\t\t<div class=\"elementor-element elementor-element-4d4434f e-flex e-con-boxed e-con e-parent\" data-id=\"4d4434f\" data-element_type=\"container\" data-e-type=\"container\" data-settings=\"{&quot;background_background&quot;:&quot;classic&quot;}\">\n\t\t\t\t\t<div class=\"e-con-inner\">\n\t\t\t\t<div class=\"elementor-element elementor-element-7564471 elementor-button-info elementor-fixed elementor-widget-mobile__width-auto elementor-widget elementor-widget-button\" data-id=\"7564471\" data-element_type=\"widget\" data-e-type=\"widget\" data-settings=\"{&quot;_position&quot;:&quot;fixed&quot;}\" data-widget_type=\"button.default\">\n\t\t\t\t<div class=\"elementor-widget-container\">\n\t\t\t\t\t\t\t\t\t<div class=\"elementor-button-wrapper\">\n\t\t\t\t\t<a class=\"elementor-button elementor-button-link elementor-size-sm\" href=\"https:\/\/fundaciomambre.org\/es\/cede-una-vivienda\/\">\n\t\t\t\t\t\t<span class=\"elementor-button-content-wrapper\">\n\t\t\t\t\t\t\t\t\t<span class=\"elementor-button-text\">\u00bfTienes una vivienda disponible?<\/span>\n\t\t\t\t\t<\/span>\n\t\t\t\t\t<\/a>\n\t\t\t\t<\/div>\n\t\t\t\t\t\t\t\t<\/div>\n\t\t\t\t<\/div>\n\t\t\t\t\t<\/div>\n\t\t\t\t<\/div>\n\t\t\t\t<\/div>\n\t\t","protected":false},"excerpt":{"rendered":"<p>Captaci\u00f3n y administraci\u00f3n de vivienda social Captaci\u00f3n y administraci\u00f3n de vivienda social Buscamos, administramos y realizamos el mantenimiento de vivienda asequible a trav\u00e9s de la compra, alquiler o cesi\u00f3n. Aportamos valor social . Ponemos las viviendas a disposici\u00f3n de personas en situaci\u00f3n de sinhogarismo y exclusi\u00f3n residencial en colaboraci\u00f3n con otras entidades sociales que las [&hellip;]<\/p>\n","protected":false},"author":1,"featured_media":0,"parent":0,"menu_order":0,"comment_status":"closed","ping_status":"closed","template":"","meta":{"footnotes":""},"class_list":["post-4182","page","type-page","status-publish","hentry"],"_links":{"self":[{"href":"https:\/\/fundaciomambre.org\/es\/wp-json\/wp\/v2\/pages\/4182","targetHints":{"allow":["GET"]}}],"collection":[{"href":"https:\/\/fundaciomambre.org\/es\/wp-json\/wp\/v2\/pages"}],"about":[{"href":"https:\/\/fundaciomambre.org\/es\/wp-json\/wp\/v2\/types\/page"}],"author":[{"embeddable":true,"href":"https:\/\/fundaciomambre.org\/es\/wp-json\/wp\/v2\/users\/1"}],"replies":[{"embeddable":true,"href":"https:\/\/fundaciomambre.org\/es\/wp-json\/wp\/v2\/comments?post=4182"}],"version-history":[{"count":15,"href":"https:\/\/fundaciomambre.org\/es\/wp-json\/wp\/v2\/pages\/4182\/revisions"}],"predecessor-version":[{"id":4849,"href":"https:\/\/fundaciomambre.org\/es\/wp-json\/wp\/v2\/pages\/4182\/revisions\/4849"}],"wp:attachment":[{"href":"https:\/\/fundaciomambre.org\/es\/wp-json\/wp\/v2\/media?parent=4182"}],"curies":[{"name":"wp","href":"https:\/\/api.w.org\/{rel}","templated":true}]}}