{"id":4178,"date":"2025-02-03T12:44:12","date_gmt":"2025-02-03T11:44:12","guid":{"rendered":"https:\/\/fundaciomambre.org\/cesion-de-vivienda-a-entidades-sociales\/"},"modified":"2025-09-29T18:21:32","modified_gmt":"2025-09-29T16:21:32","slug":"cesion-de-vivienda-a-entidades-sociales","status":"publish","type":"page","link":"https:\/\/fundaciomambre.org\/es\/cesion-de-vivienda-a-entidades-sociales\/","title":{"rendered":"Cesi\u00f3n de vivienda a entidades sociales"},"content":{"rendered":"\t\t<div data-elementor-type=\"wp-page\" data-elementor-id=\"4178\" class=\"elementor elementor-4178 elementor-3135\" data-elementor-post-type=\"page\">\n\t\t\t\t<div class=\"elementor-element elementor-element-289cec8 e-con-full e-flex e-con e-parent\" data-id=\"289cec8\" data-element_type=\"container\" data-e-type=\"container\" data-settings=\"{&quot;background_background&quot;:&quot;classic&quot;}\">\n\t\t<div class=\"elementor-element elementor-element-4d6f909 e-flex e-con-boxed e-con e-child\" data-id=\"4d6f909\" data-element_type=\"container\" data-e-type=\"container\">\n\t\t\t\t\t<div class=\"e-con-inner\">\n\t\t\t\t<div class=\"elementor-element elementor-element-f57f3d2 elementor-widget elementor-widget-heading\" data-id=\"f57f3d2\" data-element_type=\"widget\" data-e-type=\"widget\" data-settings=\"{&quot;motion_fx_motion_fx_scrolling&quot;:&quot;yes&quot;,&quot;motion_fx_translateY_effect&quot;:&quot;yes&quot;,&quot;motion_fx_translateY_direction&quot;:&quot;negative&quot;,&quot;motion_fx_translateY_speed&quot;:{&quot;unit&quot;:&quot;px&quot;,&quot;size&quot;:7.9,&quot;sizes&quot;:[]},&quot;motion_fx_translateY_affectedRange&quot;:{&quot;unit&quot;:&quot;%&quot;,&quot;size&quot;:&quot;&quot;,&quot;sizes&quot;:{&quot;start&quot;:0,&quot;end&quot;:100}},&quot;motion_fx_devices&quot;:[&quot;desktop&quot;,&quot;laptop&quot;,&quot;tablet&quot;,&quot;mobile&quot;]}\" data-widget_type=\"heading.default\">\n\t\t\t\t<div class=\"elementor-widget-container\">\n\t\t\t\t\t<h2 class=\"elementor-heading-title elementor-size-default\">Cesi\u00f3n de vivienda a entidades sociales<\/h2>\t\t\t\t<\/div>\n\t\t\t\t<\/div>\n\t\t\t\t\t<\/div>\n\t\t\t\t<\/div>\n\t\t\t\t<\/div>\n\t\t<div class=\"elementor-element elementor-element-8fd0a6e e-flex e-con-boxed e-con e-parent\" data-id=\"8fd0a6e\" data-element_type=\"container\" data-e-type=\"container\" data-settings=\"{&quot;background_background&quot;:&quot;classic&quot;}\">\n\t\t\t\t\t<div class=\"e-con-inner\">\n\t\t\t\t<div class=\"elementor-element elementor-element-272aee9 elementor-widget elementor-widget-spacer\" data-id=\"272aee9\" data-element_type=\"widget\" data-e-type=\"widget\" data-widget_type=\"spacer.default\">\n\t\t\t\t<div class=\"elementor-widget-container\">\n\t\t\t\t\t\t\t<div class=\"elementor-spacer\">\n\t\t\t<div class=\"elementor-spacer-inner\"><\/div>\n\t\t<\/div>\n\t\t\t\t\t\t<\/div>\n\t\t\t\t<\/div>\n\t\t<div class=\"elementor-element elementor-element-49998fc e-con-full e-flex e-con e-child\" data-id=\"49998fc\" data-element_type=\"container\" data-e-type=\"container\">\n\t\t\t\t<div class=\"elementor-element elementor-element-230bd69 elementor-widget elementor-widget-heading\" data-id=\"230bd69\" data-element_type=\"widget\" data-e-type=\"widget\" data-settings=\"{&quot;motion_fx_motion_fx_scrolling&quot;:&quot;yes&quot;,&quot;motion_fx_translateY_effect&quot;:&quot;yes&quot;,&quot;motion_fx_translateY_affectedRange&quot;:{&quot;unit&quot;:&quot;%&quot;,&quot;size&quot;:&quot;&quot;,&quot;sizes&quot;:{&quot;start&quot;:20,&quot;end&quot;:80}},&quot;motion_fx_translateY_speed&quot;:{&quot;unit&quot;:&quot;px&quot;,&quot;size&quot;:4,&quot;sizes&quot;:[]},&quot;motion_fx_devices&quot;:[&quot;desktop&quot;,&quot;laptop&quot;,&quot;tablet&quot;,&quot;mobile&quot;]}\" data-widget_type=\"heading.default\">\n\t\t\t\t<div class=\"elementor-widget-container\">\n\t\t\t\t\t<h2 class=\"elementor-heading-title elementor-size-default\">Cesi\u00f3n de vivienda a entidades sociales<\/h2>\t\t\t\t<\/div>\n\t\t\t\t<\/div>\n\t\t\t\t<div class=\"elementor-element elementor-element-a3e7c39 elementor-widget elementor-widget-spacer\" data-id=\"a3e7c39\" data-element_type=\"widget\" data-e-type=\"widget\" data-widget_type=\"spacer.default\">\n\t\t\t\t<div class=\"elementor-widget-container\">\n\t\t\t\t\t\t\t<div class=\"elementor-spacer\">\n\t\t\t<div class=\"elementor-spacer-inner\"><\/div>\n\t\t<\/div>\n\t\t\t\t\t\t<\/div>\n\t\t\t\t<\/div>\n\t\t\t\t<div class=\"elementor-element elementor-element-7d0317f elementor-widget elementor-widget-text-editor\" data-id=\"7d0317f\" data-element_type=\"widget\" data-e-type=\"widget\" data-widget_type=\"text-editor.default\">\n\t\t\t\t<div class=\"elementor-widget-container\">\n\t\t\t\t\t\t\t\t\t<p>Buscamos, rehabilitamos y administramos las viviendas que las entidades sociales nos piden para llevar a cabo sus proyectos y servicios de acompa\u00f1amiento a personas que se encuentran en situaci\u00f3n de sinhogarismo y exclusi\u00f3n residencial.<\/p><p>Viviendas para la inclusi\u00f3n social que, con el acompa\u00f1amiento social de las entidades con las que tejemos red, se convertir\u00e1n en hogares para personas muy vulnerables.<\/p>\t\t\t\t\t\t\t\t<\/div>\n\t\t\t\t<\/div>\n\t\t\t\t<div class=\"elementor-element elementor-element-3541b5d elementor-widget elementor-widget-spacer\" data-id=\"3541b5d\" data-element_type=\"widget\" data-e-type=\"widget\" data-widget_type=\"spacer.default\">\n\t\t\t\t<div class=\"elementor-widget-container\">\n\t\t\t\t\t\t\t<div class=\"elementor-spacer\">\n\t\t\t<div class=\"elementor-spacer-inner\"><\/div>\n\t\t<\/div>\n\t\t\t\t\t\t<\/div>\n\t\t\t\t<\/div>\n\t\t\t\t<\/div>\n\t\t\t\t\t<\/div>\n\t\t\t\t<\/div>\n\t\t<div class=\"elementor-element elementor-element-3a84ac6 e-grid e-con-boxed e-con e-parent\" data-id=\"3a84ac6\" data-element_type=\"container\" data-e-type=\"container\" data-settings=\"{&quot;background_background&quot;:&quot;classic&quot;}\">\n\t\t\t\t\t<div class=\"e-con-inner\">\n\t\t<div class=\"elementor-element elementor-element-ce03a39 e-con-full e-flex e-con e-child\" data-id=\"ce03a39\" data-element_type=\"container\" data-e-type=\"container\">\n\t\t\t\t<div class=\"elementor-element elementor-element-0dcd71f elementor-view-default elementor-widget elementor-widget-icon\" data-id=\"0dcd71f\" data-element_type=\"widget\" data-e-type=\"widget\" data-widget_type=\"icon.default\">\n\t\t\t\t<div class=\"elementor-widget-container\">\n\t\t\t\t\t\t\t<div class=\"elementor-icon-wrapper\">\n\t\t\t<div class=\"elementor-icon\">\n\t\t\t<svg xmlns=\"http:\/\/www.w3.org\/2000\/svg\" xmlns:xlink=\"http:\/\/www.w3.org\/1999\/xlink\" id=\"Capa_1\" x=\"0px\" y=\"0px\" viewBox=\"0 0 215.2 208.5\" style=\"enable-background:new 0 0 215.2 208.5;\" xml:space=\"preserve\"><style type=\"text\/css\">\t.st0{fill-rule:evenodd;clip-rule:evenodd;fill:#5D3124;}<\/style><g>\t<path class=\"st0\" d=\"M213.1,80.1l-99.4-67.6c-3.6-2.4-8.4-2.4-12.1,0L2.4,80.1c-2.6,1.8-3.2,5-1.4,7.4c1.6,2.6,5,3.2,7.4,1.6  l99.2-67.6l99.2,67.6c5.8,3.8,11.9-4.8,6-9.1h0.3V80.1z M150.6,23.5c3,0,5.4-2.4,5.4-5.4v-7.2h21.1v29c0,3,2.4,5.4,5.2,5.4  c3,0,5.4-2.4,5.4-5.4v-29c0-6-4.8-10.9-10.7-10.9h-21.1c-6,0-10.9,4.8-10.9,10.9v7.2C145.1,21.1,147.6,23.5,150.6,23.5L150.6,23.5z   M97.1,134.2h-9.7c-6,0-10.9,4.8-10.9,10.7v52.7H25.6v-97c0-7-10.7-7-10.7,0v97c0,6,4.8,10.9,10.7,10.9h50.9  c6,0,10.9-4.8,10.9-10.9v-52.7h9.7C104.1,144.8,104.1,134.2,97.1,134.2L97.1,134.2z M195.2,95.1c-3,0-5.4,2.4-5.4,5.4v97h-50.9  v-52.7c0-5.8-4.8-10.7-10.7-10.7h-9.7c-3,0-5.4,2.4-5.4,5.2c0,3,2.4,5.4,5.4,5.4h9.7v52.7c0,6,4.6,10.9,10.7,10.9h50.9  c6,0,10.9-4.8,10.9-10.9v-97C200.7,97.6,198.3,95.1,195.2,95.1L195.2,95.1z\"><\/path><\/g><\/svg>\t\t\t<\/div>\n\t\t<\/div>\n\t\t\t\t\t\t<\/div>\n\t\t\t\t<\/div>\n\t\t\t\t<div class=\"elementor-element elementor-element-fa40487 elementor-widget elementor-widget-counter\" data-id=\"fa40487\" data-element_type=\"widget\" data-e-type=\"widget\" data-widget_type=\"counter.default\">\n\t\t\t\t<div class=\"elementor-widget-container\">\n\t\t\t\t\t\t\t<div class=\"elementor-counter\">\n\t\t\t<div class=\"elementor-counter-title\">Viviendas cedidas<\/br> a entidades sociales<\/div>\t\t\t<div class=\"elementor-counter-number-wrapper\">\n\t\t\t\t<span class=\"elementor-counter-number-prefix\"><\/span>\n\t\t\t\t<span class=\"elementor-counter-number\" data-duration=\"2000\" data-to-value=\"254\" data-from-value=\"0\" data-delimiter=\",\">0<\/span>\n\t\t\t\t<span class=\"elementor-counter-number-suffix\"><\/span>\n\t\t\t<\/div>\n\t\t<\/div>\n\t\t\t\t\t\t<\/div>\n\t\t\t\t<\/div>\n\t\t\t\t<\/div>\n\t\t<div class=\"elementor-element elementor-element-bd48aa9 e-con-full e-flex e-con e-child\" data-id=\"bd48aa9\" data-element_type=\"container\" data-e-type=\"container\">\n\t\t\t\t<div class=\"elementor-element elementor-element-7629946 elementor-view-default elementor-widget elementor-widget-icon\" data-id=\"7629946\" data-element_type=\"widget\" data-e-type=\"widget\" data-widget_type=\"icon.default\">\n\t\t\t\t<div class=\"elementor-widget-container\">\n\t\t\t\t\t\t\t<div class=\"elementor-icon-wrapper\">\n\t\t\t<div class=\"elementor-icon\">\n\t\t\t<svg xmlns=\"http:\/\/www.w3.org\/2000\/svg\" xmlns:xlink=\"http:\/\/www.w3.org\/1999\/xlink\" id=\"Capa_1\" x=\"0px\" y=\"0px\" viewBox=\"0 0 282 142.6\" style=\"enable-background:new 0 0 282 142.6;\" xml:space=\"preserve\"><style type=\"text\/css\">\t.st0{fill-rule:evenodd;clip-rule:evenodd;fill:#5D3124;}<\/style><g>\t<path class=\"st0\" d=\"M266.1,36.2c-8.6,0-15.7,7-15.7,15.7v6.4c-1.8-1.2-3.6-2.4-5.8-3L124.7,15.1c-7-2.4-14.3-1.2-20.3,3  c-5.8,4.2-9.3,10.9-9.3,18.1v36.6c-6.6-3.4-13.3-6-19.7-7.8c7-3.6,11.9-10.9,11.9-19.3c0-12.1-9.9-21.9-21.9-21.9  c-12.1,0-21.9,9.9-21.9,21.9c0,6.2,2.8,11.9,7,15.9c-7.6,0-14.3,0.8-19.1,1.6V15.7c0-8.6-7-15.7-15.7-15.7C7.1,0,0,7.2,0,15.7V138  c0,2.6,2,4.6,4.6,4.6h22.1c2.6,0,4.6-2,4.6-4.6v-7.3h219.1v7.2c0,2.6,2.2,4.6,4.8,4.6h22.2c2.4,0,4.6-2,4.6-4.6V51.8  C282,43,274.8,36.2,266.1,36.2L266.1,36.2z M65.4,33c6.8,0,12.7,5.6,12.7,12.5c0,7-5.6,12.7-12.7,12.7c-7,0-12.7-5.6-12.7-12.7  C52.9,38.6,58.5,33,65.4,33L65.4,33z M31.4,90.1h68.2l0,0h0.2h150.5v16.3H31L31.4,90.1z M109.8,25.7c3.6-2.6,7.8-3.2,11.9-1.8  l119.9,40.2c5.2,1.8,8.9,6.6,8.9,12.3v4.4H104.4V36.1C104.4,32,106.4,28.2,109.8,25.7L109.8,25.7z M90.3,80.9H31.4v-8.2  C42.2,70.4,66.2,68,90.3,80.9L90.3,80.9z M9.2,133.4V15.7c0-3.4,2.8-6.2,6.4-6.2c3.4,0,6.4,2.8,6.4,6.2v53.1v0.4v64.2H9.2z   M31.4,121.3v-5.6h219v5.6H31.4z M272.6,133.4h-12.9V51.9c0-3.6,3-6.4,6.4-6.4c3.6,0,6.4,2.8,6.4,6.4L272.6,133.4L272.6,133.4z\"><\/path><\/g><\/svg>\t\t\t<\/div>\n\t\t<\/div>\n\t\t\t\t\t\t<\/div>\n\t\t\t\t<\/div>\n\t\t\t\t<div class=\"elementor-element elementor-element-9c0ec2a elementor-widget elementor-widget-counter\" data-id=\"9c0ec2a\" data-element_type=\"widget\" data-e-type=\"widget\" data-widget_type=\"counter.default\">\n\t\t\t\t<div class=\"elementor-widget-container\">\n\t\t\t\t\t\t\t<div class=\"elementor-counter\">\n\t\t\t<div class=\"elementor-counter-title\">Plazas<\/br> de alojamiento<\/div>\t\t\t<div class=\"elementor-counter-number-wrapper\">\n\t\t\t\t<span class=\"elementor-counter-number-prefix\"><\/span>\n\t\t\t\t<span class=\"elementor-counter-number\" data-duration=\"2000\" data-to-value=\"459\" data-from-value=\"0\" data-delimiter=\",\">0<\/span>\n\t\t\t\t<span class=\"elementor-counter-number-suffix\"><\/span>\n\t\t\t<\/div>\n\t\t<\/div>\n\t\t\t\t\t\t<\/div>\n\t\t\t\t<\/div>\n\t\t\t\t<\/div>\n\t\t<div class=\"elementor-element elementor-element-50dc497 e-con-full e-flex e-con e-child\" data-id=\"50dc497\" data-element_type=\"container\" data-e-type=\"container\">\n\t\t\t\t<div class=\"elementor-element elementor-element-f9593e6 elementor-view-default elementor-widget elementor-widget-icon\" data-id=\"f9593e6\" data-element_type=\"widget\" data-e-type=\"widget\" data-widget_type=\"icon.default\">\n\t\t\t\t<div class=\"elementor-widget-container\">\n\t\t\t\t\t\t\t<div class=\"elementor-icon-wrapper\">\n\t\t\t<div class=\"elementor-icon\">\n\t\t\t<svg xmlns=\"http:\/\/www.w3.org\/2000\/svg\" xmlns:xlink=\"http:\/\/www.w3.org\/1999\/xlink\" id=\"Capa_1\" x=\"0px\" y=\"0px\" viewBox=\"0 0 274.6 171.5\" style=\"enable-background:new 0 0 274.6 171.5;\" xml:space=\"preserve\"><style type=\"text\/css\">\t.st0{fill-rule:evenodd;clip-rule:evenodd;fill:#5D3124;}<\/style><path class=\"st0\" d=\"M274.1,62.6L235,1.5c-0.6-0.9-1.7-1.5-2.8-1.5c-0.6,0-1.2,0.2-1.9,0.5l-40,25.8c-8.3,3.4-14.7,2.5-24.4,0.9 c-4.5-0.6-9.7-1.5-16.2-2c-0.8,0-1.5,0-2.3,0c-8.3,0-16.4,3.2-22.3,9.1l-24-2.5c-5.1-0.5-9.9-2.2-14.2-4.8L44.2,0.5 C43.8,0.2,43.1,0,42.5,0c-1.2,0-2.2,0.6-2.8,1.5L0.5,62.6C0.2,63.1,0,63.7,0,64.3c0,1.1,0.6,2.2,1.5,2.8c4.9,3.1,9.9,6.3,14.8,9.4 c13.3,8.3,26.9,16.9,39.6,26L53,107c-1.4,2.2-2.2,4.8-2.2,7.6c0,7.6,6.3,13.9,13.9,13.9c0.5,0,0.9,0,1.4,0c-0.2,0.6-0.3,1.4-0.3,2.2 c0,4.8,2.5,9.3,6.5,11.8c2.3,1.4,4.9,2.2,7.6,2.2c0.8,0,1.7,0,2.5-0.2c0,0.2,0,0.3,0,0.5c0,1.1,0.2,2.2,0.3,3.1 c1.4,6.3,7.1,11,13.6,11l0,0l0,0c3.7,0,7.4-1.5,10-4.2c2.2,5.1,7.1,8.2,12.7,8.3l0,0c4.2,0,8-1.9,10.7-5.1l16.7,10.7 c2.8,1.9,6,2.8,9.4,2.8c0.2,0,0.3,0,0.3,0c4.6,0,9-2.3,11.6-6.2c1.2-2,2-4.5,2-7c0-0.8-0.2-1.4-0.3-2.2c1.2,0.3,2.6,0.5,3.9,0.5 c0.2,0,0.3,0,0.5,0c4.5,0,8.8-2.3,11.4-6.2c1.2-2,2-4.5,2-7c0-0.8-0.2-1.5-0.3-2.5c1.1,0.3,2.3,0.5,3.4,0.5c0.8,0,1.4-0.2,2.2-0.2 c4-0.5,7.6-2.6,9.7-6c1.4-2.2,2.2-4.8,2.2-7.6c0-0.2,0-0.5,0-0.6c1.7,0.6,3.6,0.9,5.3,0.9c0,0,0,0,0.2,0c1.1,0,2.2-0.2,3.2-0.5 c6.2-1.1,10.5-6.5,10.5-12.7c0-1.2-0.2-2.3-0.3-3.2c-0.8-3.2-2.5-6.2-4.9-8.3c2-1.4,3.9-2.8,5.6-4.2c2.6-2.3,5.6-4.3,8.7-6 c0.2,0,0.2,0,0.3-0.2l40.4-25.8c0.9-0.6,1.4-1.7,1.4-2.8C274.6,63.7,274.4,63.1,274.1,62.6L274.1,62.6z M230.5,86.9 c-3.4,1.9-6.5,4-9.6,6.5c-2.2,1.9-4.6,3.7-7.1,5.3l-28.4-18.1c1.2,0.2,2.3,0.2,3.6,0.2c3.2,0,6.5-0.5,9.6-1.5 c1.4-0.5,2.2-1.7,2.2-3.1c0-1.7-1.4-3.2-3.2-3.2c-0.5,0-0.8,0.2-1.2,0.2c-5.9,2.3-16.9,1.1-26.3-2.9c-0.2-0.2-0.3-0.2-0.3-0.2 c-3.7-1.7-7.3-3.9-10.2-6.5c0-0.2-7-6.5-11.6-6.8c-7.4-0.3-13.5,6.6-19.2,13.1c-5.1,5.9-10.4,11.9-15.6,12.1 c-3.4-0.2-6.5-1.9-8.7-4.5c-0.6-0.5-1.2-1.2-1.4-2.2c4.3-5.1,8.3-10.7,11.8-16.5c3.9-6.6,8.5-12.8,13.8-18.6l0,0 c4.9-5.3,11.8-8.3,18.9-8.3c0.6,0,1.2,0,1.9,0.2c6.2,0.5,11.3,1.2,15.8,1.9c10,1.5,18.1,2.8,28.1-1.5c0.2,0,0.3-0.2,0.5-0.3l37.7-24 l35.6,55.5L230.5,86.9z M211.7,121.2c-0.6,0.2-1.4,0.2-2,0.2c-2,0-4-0.6-5.9-1.7l-29.4-19c-0.5-0.3-1.1-0.5-1.9-0.5 c-1.7,0-3.2,1.4-3.2,3.2c0,1.1,0.6,2.2,1.5,2.8l22.7,14.5l0,0c2,1.2,3.4,3.1,4,5.4c0.2,0.5,0.3,1.1,0.3,1.5c0,1.5-0.5,2.9-1.2,4 c-1.2,1.7-3.1,2.8-5.1,3.1c-0.5,0-0.8,0-1.2,0c-2.2,0-4.2-0.6-5.9-1.7l-19.9-12.7c-0.5-0.3-1.1-0.6-1.7-0.6c-1.9,0-3.2,1.5-3.2,3.4 c0,1.1,0.5,2.2,1.4,2.8l14.7,9.3l0,0c2.2,1.4,3.9,3.4,4.6,5.9c0.2,0.6,0.3,1.4,0.3,2.2c0,1.4-0.3,2.6-0.9,3.6 c-2.3,3.6-7.9,4.2-12.2,1.4l-5.7-3.7l0,0l0,0l-7.6-4.8c-0.6-0.3-1.1-0.5-1.9-0.5c-1.7,0-3.2,1.4-3.2,3.2c0,1.1,0.6,2.2,1.5,2.8 l7.6,4.8c4.5,2.8,6.2,8.2,4,11.8c-2.3,3.4-7.9,4-12.2,1.2l-16.5-10.5l8.2-13c1.4-2.2,2.2-4.8,2.2-7.4c0-7.6-6-13.9-13.8-14.1 c1.1-2,1.7-4.2,1.7-6.5c0-4.8-2.5-9.1-6.5-11.8c-2.2-1.4-4.8-2.2-7.6-2.2c-2.2,0-4.3,0.5-6.3,1.5c-0.9-3.2-3.1-6-6-7.9 c-2.2-1.4-4.8-2-7.4-2c-3.4,0-6.6,1.1-9.1,3.2c-2.2-5.4-7.3-9-13.1-9c-4.8,0-9.1,2.5-11.8,6.5l-4.5,6.8c-12.7-9.1-26.3-17.6-39.4-26 c-4-2.5-8-5.1-12.1-7.6L43.4,7.7l39.9,24.9c5.3,3.2,11.1,5.3,17.2,5.7l19,2c-3.7,4.6-7.3,9.6-10.4,14.7c-3.2,5.6-7.1,11-11.3,15.9 c-2.6,2.9-1.9,7.4,1.9,11c3.4,4,8.2,6.3,13.5,6.5c8.2-0.3,14.4-7.4,20.4-14.4c4.6-5.4,9.6-11,13.9-10.8c2.8,1.1,5.3,2.8,7.4,4.9 c3.6,3.1,7.6,5.7,11.9,7.6l45.1,30.8l0.2,0.2c2.3,1.4,4,3.7,4.6,6.3c0.2,0.6,0.3,1.1,0.3,1.7c0,1.2,0,2-1.1,3.6 C215.1,119.8,213.5,120.9,211.7,121.2L211.7,121.2z M111.6,149c0-0.9,0-1.9,0.5-2.6l12.7-19.5c1.1-1.1,2.3-1.7,3.7-2 c0.5-0.2,1.1-0.2,1.5-0.2l0,0l0,0c1.4,0,2.8,0.3,4,1.1c2.2,1.4,3.4,3.7,3.4,6.3c0,1.4-0.5,2.8-1.2,3.9L126,151.8l0,0l-0.8,1.2 c-1.2,2.2-3.7,3.4-6.2,3.4c-1.4,0-2.3,0-4-1.2C112.9,154,111.6,151.5,111.6,149L111.6,149z M92.5,151.2c-2.2-1.4-3.4-3.7-3.4-6.3 c0-1.4,0.3-2.8,1.1-3.9l15.3-24l4.2-6.3c0.2-0.3,0.3-0.6,0.5-1.1l1.4-1.9c1.2-2.2,3.7-3.6,6.2-3.6c1.4,0,2.8,0.5,4,1.2 c2.2,1.4,3.4,3.7,3.4,6.2c0,1.4-0.3,2.8-1.1,4l-4.6,7.1c-0.5,0.6-0.9,1.2-1.4,1.9l-10.7,16.9c-0.5,0.6-0.8,1.2-1.1,1.9l-3.6,5.6 c0,0,0,0,0,0.2c-1.4,2-3.7,3.2-6.2,3.2C95.4,152.3,93.5,152,92.5,151.2L92.5,151.2z M75.9,136.8c-2.2-1.2-3.4-3.6-3.4-6.2 c0-1.4,0.3-2.8,1.1-3.9l17.9-27.5c1.4-2.2,3.7-3.4,6.3-3.4c1.4,0,2.8,0.5,4,1.1c2,1.4,3.4,3.7,3.4,6.2c0,1.2-0.3,2.3-0.8,3.2 l-4.6,7.1l-13.6,21c-1.4,2.2-3.9,3.6-6.3,3.6C78.5,138.1,77.1,137.6,75.9,136.8L75.9,136.8z M60.9,120.7c-2.2-1.4-3.4-3.7-3.4-6.3 c0-1.4,0.3-2.8,1.1-3.9l10.8-17c1.1-1.5,2.6-2.8,4.6-3.1c0.5-0.2,1.1-0.3,1.5-0.3l0,0c1.5,0,2.8,0.5,4,1.2c2.2,1.4,3.4,3.7,3.4,6.2 c0,1.5-0.3,2.9-1.1,4l-10.8,16.9c-1.4,2.2-3.7,3.6-6.2,3.6C63.4,122,62,121.5,60.9,120.7L60.9,120.7z\"><\/path><\/svg>\t\t\t<\/div>\n\t\t<\/div>\n\t\t\t\t\t\t<\/div>\n\t\t\t\t<\/div>\n\t\t\t\t<div class=\"elementor-element elementor-element-5abdc5e elementor-widget elementor-widget-counter\" data-id=\"5abdc5e\" data-element_type=\"widget\" data-e-type=\"widget\" data-widget_type=\"counter.default\">\n\t\t\t\t<div class=\"elementor-widget-container\">\n\t\t\t\t\t\t\t<div class=\"elementor-counter\">\n\t\t\t<div class=\"elementor-counter-title\">Entidades sociales<\/br> colaboradoras<\/div>\t\t\t<div class=\"elementor-counter-number-wrapper\">\n\t\t\t\t<span class=\"elementor-counter-number-prefix\"><\/span>\n\t\t\t\t<span class=\"elementor-counter-number\" data-duration=\"2000\" data-to-value=\"20\" data-from-value=\"0\" data-delimiter=\",\">0<\/span>\n\t\t\t\t<span class=\"elementor-counter-number-suffix\"><\/span>\n\t\t\t<\/div>\n\t\t<\/div>\n\t\t\t\t\t\t<\/div>\n\t\t\t\t<\/div>\n\t\t\t\t<\/div>\n\t\t\t\t\t<\/div>\n\t\t\t\t<\/div>\n\t\t<div class=\"elementor-element elementor-element-226596c e-flex e-con-boxed e-con e-parent\" data-id=\"226596c\" data-element_type=\"container\" data-e-type=\"container\" data-settings=\"{&quot;background_background&quot;:&quot;classic&quot;}\">\n\t\t\t\t\t<div class=\"e-con-inner\">\n\t\t\t\t<div class=\"elementor-element elementor-element-5c7bf4c elementor-widget elementor-widget-spacer\" data-id=\"5c7bf4c\" data-element_type=\"widget\" data-e-type=\"widget\" data-widget_type=\"spacer.default\">\n\t\t\t\t<div class=\"elementor-widget-container\">\n\t\t\t\t\t\t\t<div class=\"elementor-spacer\">\n\t\t\t<div class=\"elementor-spacer-inner\"><\/div>\n\t\t<\/div>\n\t\t\t\t\t\t<\/div>\n\t\t\t\t<\/div>\n\t\t\t\t\t<\/div>\n\t\t\t\t<\/div>\n\t\t<div class=\"elementor-element elementor-element-059b48c e-flex e-con-boxed e-con e-parent\" data-id=\"059b48c\" data-element_type=\"container\" data-e-type=\"container\" data-settings=\"{&quot;background_background&quot;:&quot;classic&quot;}\">\n\t\t\t\t\t<div class=\"e-con-inner\">\n\t\t\t\t<div class=\"elementor-element elementor-element-65dd234 elementor-button-info elementor-fixed elementor-widget-mobile__width-auto elementor-widget elementor-widget-button\" data-id=\"65dd234\" data-element_type=\"widget\" data-e-type=\"widget\" data-settings=\"{&quot;_position&quot;:&quot;fixed&quot;}\" data-widget_type=\"button.default\">\n\t\t\t\t<div class=\"elementor-widget-container\">\n\t\t\t\t\t\t\t\t\t<div class=\"elementor-button-wrapper\">\n\t\t\t\t\t<a class=\"elementor-button elementor-button-link elementor-size-sm\" href=\"https:\/\/fundaciomambre.org\/cedeix-un-habitatge\/\">\n\t\t\t\t\t\t<span class=\"elementor-button-content-wrapper\">\n\t\t\t\t\t\t\t\t\t<span class=\"elementor-button-text\">\u00bfTienes una vivienda disponible?<\/span>\n\t\t\t\t\t<\/span>\n\t\t\t\t\t<\/a>\n\t\t\t\t<\/div>\n\t\t\t\t\t\t\t\t<\/div>\n\t\t\t\t<\/div>\n\t\t\t\t\t<\/div>\n\t\t\t\t<\/div>\n\t\t\t\t<\/div>\n\t\t","protected":false},"excerpt":{"rendered":"<p>Cesi\u00f3n de vivienda a entidades sociales Cesi\u00f3n de vivienda a entidades sociales Buscamos, rehabilitamos y administramos las viviendas que las entidades sociales nos piden para llevar a cabo sus proyectos y servicios de acompa\u00f1amiento a personas que se encuentran en situaci\u00f3n de sinhogarismo y exclusi\u00f3n residencial. Viviendas para la inclusi\u00f3n social que, con el acompa\u00f1amiento [&hellip;]<\/p>\n","protected":false},"author":1,"featured_media":0,"parent":0,"menu_order":0,"comment_status":"closed","ping_status":"closed","template":"","meta":{"footnotes":""},"class_list":["post-4178","page","type-page","status-publish","hentry"],"_links":{"self":[{"href":"https:\/\/fundaciomambre.org\/es\/wp-json\/wp\/v2\/pages\/4178","targetHints":{"allow":["GET"]}}],"collection":[{"href":"https:\/\/fundaciomambre.org\/es\/wp-json\/wp\/v2\/pages"}],"about":[{"href":"https:\/\/fundaciomambre.org\/es\/wp-json\/wp\/v2\/types\/page"}],"author":[{"embeddable":true,"href":"https:\/\/fundaciomambre.org\/es\/wp-json\/wp\/v2\/users\/1"}],"replies":[{"embeddable":true,"href":"https:\/\/fundaciomambre.org\/es\/wp-json\/wp\/v2\/comments?post=4178"}],"version-history":[{"count":4,"href":"https:\/\/fundaciomambre.org\/es\/wp-json\/wp\/v2\/pages\/4178\/revisions"}],"predecessor-version":[{"id":4905,"href":"https:\/\/fundaciomambre.org\/es\/wp-json\/wp\/v2\/pages\/4178\/revisions\/4905"}],"wp:attachment":[{"href":"https:\/\/fundaciomambre.org\/es\/wp-json\/wp\/v2\/media?parent=4178"}],"curies":[{"name":"wp","href":"https:\/\/api.w.org\/{rel}","templated":true}]}}